{"id":1825,"date":"2025-05-21T06:57:32","date_gmt":"2025-05-21T06:57:32","guid":{"rendered":"https:\/\/raisis.eu\/portofoliu\/darex-auto-crm\/"},"modified":"2025-05-21T06:57:32","modified_gmt":"2025-05-21T06:57:32","slug":"darex-auto-crm","status":"publish","type":"page","link":"https:\/\/raisis.eu\/ro\/portofoliu\/darex-auto-crm\/","title":{"rendered":"Darex Auto CRM"},"content":{"rendered":"","protected":false},"excerpt":{"rendered":"<p>CRM bazat pe Raisiscrm.eu care ajut\u0103 compania s\u0103 \u00ee\u0219i gestioneze mai bine indicatorii cheie de performan\u021b\u0103 (KPI).<\/p>\n","protected":false},"author":1,"featured_media":1428,"parent":1817,"menu_order":0,"comment_status":"closed","ping_status":"closed","template":"","meta":{"_acf_changed":false,"footnotes":""},"project-category":[16],"class_list":["post-1825","page","type-page","status-publish","has-post-thumbnail","hentry","project-category-web-development"],"acf":[],"_links":{"self":[{"href":"https:\/\/raisis.eu\/ro\/wp-json\/wp\/v2\/pages\/1825","targetHints":{"allow":["GET"]}}],"collection":[{"href":"https:\/\/raisis.eu\/ro\/wp-json\/wp\/v2\/pages"}],"about":[{"href":"https:\/\/raisis.eu\/ro\/wp-json\/wp\/v2\/types\/page"}],"author":[{"embeddable":true,"href":"https:\/\/raisis.eu\/ro\/wp-json\/wp\/v2\/users\/1"}],"replies":[{"embeddable":true,"href":"https:\/\/raisis.eu\/ro\/wp-json\/wp\/v2\/comments?post=1825"}],"version-history":[{"count":0,"href":"https:\/\/raisis.eu\/ro\/wp-json\/wp\/v2\/pages\/1825\/revisions"}],"up":[{"embeddable":true,"href":"https:\/\/raisis.eu\/ro\/wp-json\/wp\/v2\/pages\/1817"}],"wp:featuredmedia":[{"embeddable":true,"href":"https:\/\/raisis.eu\/ro\/wp-json\/wp\/v2\/media\/1428"}],"wp:attachment":[{"href":"https:\/\/raisis.eu\/ro\/wp-json\/wp\/v2\/media?parent=1825"}],"wp:term":[{"taxonomy":"project-category","embeddable":true,"href":"https:\/\/raisis.eu\/ro\/wp-json\/wp\/v2\/project-category?post=1825"}],"curies":[{"name":"wp","href":"https:\/\/api.w.org\/{rel}","templated":true}]}}