{"id":1811,"date":"2025-05-20T07:45:09","date_gmt":"2025-05-20T07:45:09","guid":{"rendered":"https:\/\/raisis.eu\/politica-cookie\/"},"modified":"2025-06-03T09:37:49","modified_gmt":"2025-06-03T09:37:49","slug":"politica-cookie","status":"publish","type":"page","link":"https:\/\/raisis.eu\/ro\/politica-cookie\/","title":{"rendered":"Politic\u0103 Cookie"},"content":{"rendered":"\t\t<div data-elementor-type=\"wp-page\" data-elementor-id=\"1811\" class=\"elementor elementor-1811 elementor-49\" data-elementor-post-type=\"page\">\n\t\t\t\t<div class=\"elementor-element elementor-element-7d780de e-con-full e-flex e-con e-parent\" data-id=\"7d780de\" data-element_type=\"container\" data-e-type=\"container\" data-settings=\"{&quot;background_background&quot;:&quot;classic&quot;,&quot;shape_divider_bottom&quot;:&quot;tilt&quot;}\">\n\t\t\t\t<div class=\"elementor-shape elementor-shape-bottom\" aria-hidden=\"true\" data-negative=\"false\">\n\t\t\t<svg xmlns=\"http:\/\/www.w3.org\/2000\/svg\" viewBox=\"0 0 1000 100\" preserveAspectRatio=\"none\">\n\t<path class=\"elementor-shape-fill\" d=\"M0,6V0h1000v100L0,6z\"\/>\n<\/svg>\t\t<\/div>\n\t\t<div class=\"elementor-element elementor-element-db3ca81 e-con-full e-flex e-con e-child\" data-id=\"db3ca81\" data-element_type=\"container\" data-e-type=\"container\">\n\t\t\t\t<\/div>\n\t\t\t\t<\/div>\n\t\t<div class=\"elementor-element elementor-element-c5bb304 e-flex e-con-boxed e-con e-parent\" data-id=\"c5bb304\" data-element_type=\"container\" data-e-type=\"container\">\n\t\t\t\t\t<div class=\"e-con-inner\">\n\t\t\t\t<div class=\"elementor-element elementor-element-f6b457d elementor-widget elementor-widget-text-editor\" data-id=\"f6b457d\" data-element_type=\"widget\" data-e-type=\"widget\" data-widget_type=\"text-editor.default\">\n\t\t\t\t<div class=\"elementor-widget-container\">\n\t\t\t\t\t\t\t\t\t<div class=\"terms-and-conditions-component container\">\n<p>Ultima actualizare: 01.08.2020<\/p>\n<\/div>\n<p><\/p>\n<div class=\"terms-and-conditions-component container\">\n<h2>CE SUNT COOKIE-URILE? CE ESTE UN COOKIE?<\/h2>\n<p>Cookie-urile sunt fi\u0219iere mici care sunt stocate pe computerul unui utilizator. Sunt concepute pentru a stoca o cantitate modest\u0103 de date specifice clientului \u0219i site-ului web \u0219i pot fi accesate fie de serverul web, fie de computerul client. Acest lucru permite serverului s\u0103 livreze o pagin\u0103 adaptat\u0103 unui anumit utilizator sau pagina \u00een sine poate con\u021bine un script care este con\u0219tient de datele cookie-urilor \u0219i, prin urmare, poate transporta informa\u021bii de la o vizit\u0103 la urm\u0103torul site web (sau site-uri web).<\/p>\n<\/div>\n<p><\/p>\n<div class=\"terms-and-conditions-component container\">\n<h2>SUNT COOKIE-URILE ACTIVATE \u00ceN BROWSERUL MEU?<\/h2>\n<p>Pentru a verifica dac\u0103 browserul dvs. este configurat s\u0103 permit\u0103 cookie-uri, accesa\u021bi Verificatorul de cookie-uri. Aceast\u0103 pagin\u0103 va \u00eencerca s\u0103 creeze un cookie \u0219i va raporta dac\u0103 a reu\u0219it sau nu.<\/p>\n<p>Pentru informa\u021bii despre cum s\u0103 activa\u021bi sau s\u0103 dezactiva\u021bi cookie-urile, consulta\u021bi \u201eActivarea cookie-urilor\u201d.<\/p>\n<p>Pentru informa\u021bii despre cum s\u0103 \u0219terge\u021bi \u0219i s\u0103 \u0219terge\u021bi cookie-urile, consulta\u021bi \u201e\u0218tergerea cookie-urilor\u201d.<\/p>\n<p>Pot vizualiza cookie-urile pe care le am pe computer?<\/p>\n<p>Majoritatea browserelor au un ecran de configurare care permite utilizatorului s\u0103 vad\u0103 ce cookie-uri au fost stocate pe computer \u0219i, op\u021bional, s\u0103 le \u0219tearg\u0103. Pentru mai multe informa\u021bii, consulta\u021bi pagina de previzualizare a cookie-urilor.<\/p>\n<p>V\u0103 rug\u0103m s\u0103 re\u021bine\u021bi c\u0103 nu este posibil ca o pagin\u0103 web s\u0103 vizualizeze cookie-urile setate de alte site-uri, deoarece acestea ar reprezenta o problem\u0103 de confiden\u021bialitate \u0219i securitate.<\/p>\n<\/div>\n<p><\/p>\n<div class=\"terms-and-conditions-component container\">\n<h2>CE CON\u021aINE UN COOKIE?<\/h2>\n<p>Fiecare cookie este practic un mic tabel de c\u0103utare care con\u021bine perechi de valori (cheie, date) &#8211; de exemplu (prenume, John) (prenume, Smith). Dup\u0103 ce cookie-ul a fost citit de codul de pe server sau de pe computerul client, datele pot fi recuperate \u0219i utilizate pentru a personaliza corect pagina web.<\/p>\n<p>C\u00e2nd sunt create cookie-urile?<\/p>\n<p>Scrierea datelor \u00eentr-un cookie se face de obicei atunci c\u00e2nd se \u00eencarc\u0103 o pagin\u0103 web nou\u0103 &#8211; de exemplu, dup\u0103 ap\u0103sarea butonului \u201eTrimite\u201d, pagina de gestionare a datelor ar fi responsabil\u0103 pentru stocarea valorilor \u00eentr-un cookie. Dac\u0103 utilizatorul a ales s\u0103 dezactiveze cookie-urile, atunci opera\u021biunea de scriere nu va reu\u0219i, iar site-urile ulterioare care se bazeaz\u0103 pe cookie vor trebui s\u0103 ia o ac\u021biune implicit\u0103 sau s\u0103 solicite utilizatorului s\u0103 reintroduc\u0103 informa\u021biile care au fost stocate \u00een cookie.<\/p>\n<\/div>\n<p><\/p>\n<div class=\"terms-and-conditions-component container\">\n<h2>DE CE SUNT UTILIZATE COOKIE-URILE?<\/h2>\n<p>Cookie-urile sunt o modalitate convenabil\u0103 de a transporta informa\u021bii de la o sesiune pe un site web la alta sau \u00eentre sesiuni pe site-uri web conexe, f\u0103r\u0103 a fi nevoie s\u0103 \u00eenc\u0103rca\u021bi un server cu cantit\u0103\u021bi masive de stocare a datelor. Stocarea datelor pe server f\u0103r\u0103 utilizarea cookie-urilor ar fi, de asemenea, problematic\u0103, deoarece ar fi dificil s\u0103 se recupereze informa\u021biile unui anumit utilizator f\u0103r\u0103 a fi necesar\u0103 o autentificare la fiecare vizit\u0103 pe site.<\/p>\n<p>Dac\u0103 exist\u0103 o cantitate mare de informa\u021bii de stocat, atunci un cookie poate fi folosit pur \u0219i simplu ca mijloc de identificare a unui anumit utilizator, astfel \u00eenc\u00e2t informa\u021bii suplimentare conexe s\u0103 poat\u0103 fi c\u0103utate \u00eentr-o baz\u0103 de date pe server. De exemplu, prima dat\u0103 c\u00e2nd un utilizator viziteaz\u0103 un site, acesta poate alege un nume de utilizator care este stocat \u00een cookie \u0219i apoi poate furniza date precum parola, numele, adresa, dimensiunea fontului preferat\u0103, aspectul paginii etc. &#8211; toate aceste informa\u021bii ar fi stocate \u00een baza de date folosind numele de utilizator ca cheie. Ulterior, c\u00e2nd site-ul este revizuit, serverul va citi cookie-ul pentru a g\u0103si numele de utilizator \u0219i apoi va recupera toate informa\u021biile utilizatorului din baza de date f\u0103r\u0103 a le reintroduce.<\/p>\n<\/div>\n<p><\/p>\n<div class=\"terms-and-conditions-component container\">\n<h2>C\u00c2T TIMP DUREAZ\u0102 UN COOKIE?<\/h2>\n<p>Timpul de expirare al unui cookie poate fi setat la crearea acestuia. \u00cen mod implicit, cookie-ul este distrus c\u00e2nd fereastra curent\u0103 a browserului este \u00eenchis\u0103, dar o perioad\u0103 arbitrar\u0103 poate persista dup\u0103 aceea.<\/p>\n<\/div>\n<p><\/p>\n<div class=\"terms-and-conditions-component container\">\n<h2>CINE POATE ACCESA COOKIE-URILE?<\/h2>\n<p>C\u00e2nd este creat un cookie, este posibil s\u0103 se controleze vizibilitatea acestuia prin setarea \u201edomeniului r\u0103d\u0103cin\u0103\u201d. Acesta va fi apoi accesibil oric\u0103rei adrese URL apar\u021bin\u00e2nd acelei r\u0103d\u0103cini. De exemplu, r\u0103d\u0103cina ar putea fi setat\u0103 la \u201ewhatarecookies.com\u201d, iar cookie-ul ar fi apoi disponibil pentru site-urile \u201ewww.whatarecookies.com\u201d sau \u201exyz.whatarecookies.com\u201d sau \u201ewhatarecookies.com\u201d. Acest lucru poate fi folosit pentru a permite paginilor conexe s\u0103 \u201ecomunice\u201d \u00eentre ele. Nu este posibil s\u0103 seta\u021bi domeniul r\u0103d\u0103cin\u0103 la domenii \u201ede nivel superior\u201d, cum ar fi \u201e.com\u201d sau \u201e.co.uk\u201d, deoarece acest lucru ar permite acces larg la cookie.<\/p>\n<p>\u00cen mod implicit, cookie-urile sunt vizibile pentru toate c\u0103ile din domeniul lor, dar \u00een momentul cre\u0103rii acestea pot fi restric\u021bionate la o anumit\u0103 subcale \u2013 de exemplu \u201ewww.whatarecookies.com\/images\u201d.<\/p>\n<\/div>\n<p><\/p>\n<div class=\"terms-and-conditions-component container\">\n<h2>C\u00c2T DE SIGURE SUNT COOKIE-URILE?<\/h2>\n<p>Exist\u0103 multe preocup\u0103ri cu privire la confiden\u021bialitatea \u0219i securitatea pe internet. Cookie-urile nu reprezint\u0103, \u00een sine, o amenin\u021bare la adresa confiden\u021bialit\u0103\u021bii, deoarece pot fi utilizate doar pentru a stoca informa\u021bii pe care utilizatorul le-a furnizat \u00een mod voluntar sau le are deja pe serverul web. De\u0219i aceste informa\u021bii pot fi puse la dispozi\u021bia anumitor site-uri web ter\u021be, nu este mai r\u0103u dec\u00e2t stocarea lor \u00eentr-o baz\u0103 de date central\u0103. Dac\u0103 sunte\u021bi \u00eengrijorat c\u0103 informa\u021biile pe care le furniza\u021bi unui server web nu vor fi considerate confiden\u021biale, atunci ar trebui s\u0103 v\u0103 \u00eentreba\u021bi dac\u0103 trebuie cu adev\u0103rat s\u0103 furniza\u021bi aceste informa\u021bii.<\/p>\n<\/div>\n<p><\/p>\n<div class=\"terms-and-conditions-component container\">\n<h2>CE SUNT COOKIE-URILE DE URM\u0102RIRE?<\/h2>\n<p>Unele site-uri comerciale includ materiale publicitare \u00eencorporate furnizate de un site ter\u021b, iar astfel de reclame pot stoca un cookie pentru site-ul ter\u021b respectiv, con\u021bin\u00e2nd informa\u021bii care le sunt furnizate de site-ul care con\u021bine &#8211; astfel de informa\u021bii pot include numele site-ului, anumite produse vizualizate, paginile vizitate etc. C\u00e2nd utilizatorul viziteaz\u0103 ulterior un alt site care con\u021bine o reclam\u0103 \u00eencorporat\u0103 similar\u0103 de pe acela\u0219i site ter\u021b, agentul de publicitate va putea citi cookie-ul \u0219i \u00eel va utiliza pentru a determina anumite informa\u021bii despre istoricul de navigare al utilizatorului. Acest lucru permite editorilor s\u0103 difuzeze reclame direc\u021bionate \u00een interesul utilizatorului, astfel \u00eenc\u00e2t, \u00een teorie, acestea au o \u0219ans\u0103 mai mare de a fi relevante pentru utilizator. Cu toate acestea, mul\u021bi oameni v\u0103d astfel de \u201ecookie-uri de urm\u0103rire\u201d ca o \u00eenc\u0103lcare a vie\u021bii private, deoarece permit unui agent de publicitate s\u0103 creeze profiluri de utilizator f\u0103r\u0103 consim\u021b\u0103m\u00e2ntul sau \u0219tirea acestuia.<\/p>\n<\/div>\n\t\t\t\t\t\t\t\t<\/div>\n\t\t\t\t<\/div>\n\t\t\t\t\t<\/div>\n\t\t\t\t<\/div>\n\t\t\t\t<\/div>\n\t\t","protected":false},"excerpt":{"rendered":"<p>Ultima actualizare: 01.08.2020 CE SUNT COOKIE-URILE? CE ESTE UN COOKIE? Cookie-urile sunt fi\u0219iere mici care sunt stocate pe computerul unui utilizator. Sunt concepute pentru a stoca o cantitate modest\u0103 de date specifice clientului \u0219i site-ului web \u0219i pot fi accesate fie de serverul web, fie de computerul client. Acest lucru permite serverului s\u0103 livreze o [&hellip;]<\/p>\n","protected":false},"author":1,"featured_media":0,"parent":0,"menu_order":0,"comment_status":"closed","ping_status":"closed","template":"","meta":{"_acf_changed":false,"footnotes":""},"project-category":[],"class_list":["post-1811","page","type-page","status-publish","hentry"],"acf":[],"_links":{"self":[{"href":"https:\/\/raisis.eu\/ro\/wp-json\/wp\/v2\/pages\/1811","targetHints":{"allow":["GET"]}}],"collection":[{"href":"https:\/\/raisis.eu\/ro\/wp-json\/wp\/v2\/pages"}],"about":[{"href":"https:\/\/raisis.eu\/ro\/wp-json\/wp\/v2\/types\/page"}],"author":[{"embeddable":true,"href":"https:\/\/raisis.eu\/ro\/wp-json\/wp\/v2\/users\/1"}],"replies":[{"embeddable":true,"href":"https:\/\/raisis.eu\/ro\/wp-json\/wp\/v2\/comments?post=1811"}],"version-history":[{"count":1,"href":"https:\/\/raisis.eu\/ro\/wp-json\/wp\/v2\/pages\/1811\/revisions"}],"predecessor-version":[{"id":1812,"href":"https:\/\/raisis.eu\/ro\/wp-json\/wp\/v2\/pages\/1811\/revisions\/1812"}],"wp:attachment":[{"href":"https:\/\/raisis.eu\/ro\/wp-json\/wp\/v2\/media?parent=1811"}],"wp:term":[{"taxonomy":"project-category","embeddable":true,"href":"https:\/\/raisis.eu\/ro\/wp-json\/wp\/v2\/project-category?post=1811"}],"curies":[{"name":"wp","href":"https:\/\/api.w.org\/{rel}","templated":true}]}}