{"id":1806,"date":"2025-05-20T07:44:52","date_gmt":"2025-05-20T07:44:52","guid":{"rendered":"https:\/\/raisis.eu\/termeni-si-conditii\/"},"modified":"2025-06-03T09:34:43","modified_gmt":"2025-06-03T09:34:43","slug":"termeni-si-conditii","status":"publish","type":"page","link":"https:\/\/raisis.eu\/ro\/termeni-si-conditii\/","title":{"rendered":"Termeni \u0219i condi\u021bii"},"content":{"rendered":"\t\t<div data-elementor-type=\"wp-page\" data-elementor-id=\"1806\" class=\"elementor elementor-1806 elementor-47\" data-elementor-post-type=\"page\">\n\t\t\t\t<div class=\"elementor-element elementor-element-f5ac02b e-con-full e-flex e-con e-parent\" data-id=\"f5ac02b\" data-element_type=\"container\" data-e-type=\"container\" data-settings=\"{&quot;background_background&quot;:&quot;classic&quot;,&quot;shape_divider_bottom&quot;:&quot;tilt&quot;}\">\n\t\t\t\t<div class=\"elementor-shape elementor-shape-bottom\" aria-hidden=\"true\" data-negative=\"false\">\n\t\t\t<svg xmlns=\"http:\/\/www.w3.org\/2000\/svg\" viewBox=\"0 0 1000 100\" preserveAspectRatio=\"none\">\n\t<path class=\"elementor-shape-fill\" d=\"M0,6V0h1000v100L0,6z\"\/>\n<\/svg>\t\t<\/div>\n\t\t<div class=\"elementor-element elementor-element-5e67138 e-con-full e-flex e-con e-child\" data-id=\"5e67138\" data-element_type=\"container\" data-e-type=\"container\">\n\t\t\t\t<\/div>\n\t\t\t\t<\/div>\n\t\t<div class=\"elementor-element elementor-element-588ee75 e-flex e-con-boxed e-con e-parent\" data-id=\"588ee75\" data-element_type=\"container\" data-e-type=\"container\">\n\t\t\t\t\t<div class=\"e-con-inner\">\n\t\t\t\t<div class=\"elementor-element elementor-element-9dc8257 elementor-widget elementor-widget-text-editor\" data-id=\"9dc8257\" data-element_type=\"widget\" data-e-type=\"widget\" data-widget_type=\"text-editor.default\">\n\t\t\t\t<div class=\"elementor-widget-container\">\n\t\t\t\t\t\t\t\t\t<div class=\"terms-and-conditions-component container\">\n<div class=\"terms-and-conditions-component container\">\n<p>Ultima actualizare: 01.08.2020<\/p>\n<\/div>\n<p><\/p>\n<div class=\"terms-and-conditions-component container\">\n<p>V\u0103 rug\u0103m s\u0103 citi\u021bi cu aten\u021bie ace\u0219ti Termeni de utilizare (\u201eTermeni\u201d, \u201eTermeni de utilizare\u201d) \u00eenainte de a utiliza site-ul https:\/\/raisissoftware.com (\u201eServiciul\u201d) operat de Raisis Software (\u201enoi\u201d, \u201enou\u0103\u201d sau \u201eal nostru\/a noastr\u0103\/ai no\u0219tri\/ale noastre\u201d).<\/p>\n<p>Accesul \u0219i utilizarea serviciului dvs. sunt condi\u021bionate de acceptarea \u0219i respectarea acestor condi\u021bii. Ace\u0219ti Termeni se aplic\u0103 tuturor vizitatorilor, utilizatorilor \u0219i altor persoane care acceseaz\u0103 sau utilizeaz\u0103 Serviciul.<\/p>\n<p>Prin accesarea sau utilizarea Serviciului, sunte\u021bi de acord s\u0103 respecta\u021bi ace\u0219ti Termeni. Dac\u0103 nu sunte\u021bi de acord cu oricare dintre termeni, nu pute\u021bi accesa Serviciul.<\/p>\n<\/div>\n<p><\/p>\n<div class=\"terms-and-conditions-component container\">\n<h2>Proprietate intelectual\u0103<\/h2>\n<p>Serviciul \u0219i con\u021binutul s\u0103u original, Caracteristicile \u0219i func\u021bionalit\u0103\u021bile sunt \u0219i vor r\u0103m\u00e2ne proprietatea exclusiv\u0103 a Raisis Software \u0219i a licen\u021biatorilor s\u0103i.<\/p>\n<p>Linkuri c\u0103tre alte site-uri web<\/p>\n<p>Serviciul nostru poate con\u021bine linkuri c\u0103tre site-uri sau servicii web ter\u021be care nu sunt de\u021binute sau controlate de Raisis Software.<\/p>\n<p>Raisis Software nu are control asupra \u0219i nu \u00ee\u0219i asum\u0103 nicio responsabilitate pentru con\u021binutul, politicile de confiden\u021bialitate sau practicile site-urilor web sau serviciilor ter\u021be. \u00cen plus, recunoa\u0219te\u021bi \u0219i sunte\u021bi de acord c\u0103 Raisis Software nu va fi r\u0103spunz\u0103tor direct, direct sau indirect, pentru nicio daun\u0103 sau pierdere cauzat\u0103 sau presupus\u0103 a fi cauzat\u0103 de sau \u00een leg\u0103tur\u0103 cu utilizarea sau dependen\u021ba unui astfel de con\u021binut, bunuri sau servicii disponibile pe sau prin intermediul oric\u0103ror astfel de site-uri sau servicii web.<\/p>\n<p>V\u0103 sf\u0103tuim s\u0103 citi\u021bi termenii \u0219i condi\u021biile \u0219i politicile de confiden\u021bialitate ale oric\u0103ror site-uri web sau servicii ter\u021be pe care le vizita\u021bi.<\/p>\n<\/div>\n<p><\/p>\n<div class=\"terms-and-conditions-component container\">\n<h2>\u00cencetare<\/h2>\n<p>Putem rezilia sau suspenda accesul la Serviciul nostru imediat, f\u0103r\u0103 notificare prealabil\u0103 sau r\u0103spundere, din orice motiv, inclusiv, dar f\u0103r\u0103 a se limita la, dac\u0103 \u00eenc\u0103lca\u021bi Termeni.<\/p>\n<p>Toate prevederile Termenilor \u0219i Condi\u021biilor care, prin natura lor, ar trebui s\u0103 r\u0103m\u00e2n\u0103 \u00een vigoare dup\u0103 reziliere, vor r\u0103m\u00e2ne \u00een vigoare \u0219i dup\u0103 reziliere, inclusiv, f\u0103r\u0103 limitare, prevederile privind proprietatea, renun\u021b\u0103rile la garan\u021bie, desp\u0103gubirile \u0219i limit\u0103rile de r\u0103spundere.<\/p>\n<p>terms-conditions:c-three-4<\/p>\n<\/div>\n<p><\/p>\n<div class=\"terms-and-conditions-component container\">\n<h2>Act de renun\u021bare<\/h2>\n<p>Utilizarea Serviciului de c\u0103tre dumneavoastr\u0103 se face exclusiv pe propriul risc. Serviciul este furnizat pe baza \u201eCA SUNT\u201d \u0219i \u201eA\u0218A CUM ESTE DISPONIBIL\u201d. Serviciul este furnizat f\u0103r\u0103 garan\u021bii de niciun fel, exprese sau implicite, inclusiv, dar f\u0103r\u0103 a se limita la, garan\u021biile implicite de vandabilitate, adecvare pentru un anumit scop, ne\u00eendeplinire sau performan\u021b\u0103.<\/p>\n<\/div>\n<p><\/p>\n<div class=\"terms-and-conditions-component container\">\n<h2>Legea aplicabil\u0103<\/h2>\n<p>Ace\u0219ti Termeni vor fi guverna\u021bi \u0219i interpreta\u021bi \u00een conformitate cu legile din Rom\u00e2nia, f\u0103r\u0103 a \u021bine cont de prevederile acesteia privind conflictul de legi.<\/p>\n<p>Nerespectarea oric\u0103ror drepturi sau prevederi a acestor Termeni va fi considerat\u0103 o renun\u021bare la aceste drepturi. Dac\u0103 vreo prevedere a acestor Termeni este considerat\u0103 invalid\u0103 sau inaplicabil\u0103 de c\u0103tre o instan\u021b\u0103, celelalte prevederi ale acestor Termeni vor r\u0103m\u00e2ne \u00een vigoare. Ace\u0219ti Termeni constituie \u00eentregul acord dintre noi cu privire la Serviciul nostru \u0219i \u00eenlocuiesc orice acorduri anterioare pe care le-am putea avea \u00eentre noi cu privire la Serviciu.<\/p>\n<\/div>\n<p><\/p>\n<div class=\"terms-and-conditions-component container\">\n<h2>Modificare<\/h2>\n<p>Ne rezerv\u0103m dreptul, la discre\u021bia noastr\u0103 exclusiv\u0103, de a modifica sau \u00eenlocui ace\u0219ti Termeni \u00een orice moment. Dac\u0103 o recenzie este semnificativ\u0103, vom \u00eencerca s\u0103 oferim o notificare cu cel pu\u021bin 30 de zile \u00eenainte de intrarea \u00een vigoare a noilor termeni. Ceea ce constituie o modificare semnificativ\u0103 va fi stabilit la discre\u021bia noastr\u0103.<\/p>\n<p>Prin continuarea acces\u0103rii sau utiliz\u0103rii Serviciului nostru dup\u0103 ce aceste revizuiri intr\u0103 \u00een vigoare, sunte\u021bi de acord s\u0103 respecta\u021bi termenii revizui\u021bi. Dac\u0103 nu sunte\u021bi de acord cu noii termeni, v\u0103 rug\u0103m s\u0103 \u00eenceta\u021bi s\u0103 utiliza\u021bi Serviciul.<\/p>\n<\/div>\n<p><\/p>\n<div class=\"terms-and-conditions-component container\">\n<h2>Contacta\u021bi-ne<\/h2>\n<p>Dac\u0103 ave\u021bi Pentru orice \u00eentreb\u0103ri legate de ace\u0219ti termeni, v\u0103 rug\u0103m s\u0103 ne contacta\u021bi.<\/p>\n<\/div>\n<p><\/div>\n\t\t\t\t\t\t\t\t<\/div>\n\t\t\t\t<\/div>\n\t\t\t\t\t<\/div>\n\t\t\t\t<\/div>\n\t\t\t\t<\/div>\n\t\t","protected":false},"excerpt":{"rendered":"<p>Ultima actualizare: 01.08.2020 V\u0103 rug\u0103m s\u0103 citi\u021bi cu aten\u021bie ace\u0219ti Termeni de utilizare (\u201eTermeni\u201d, \u201eTermeni de utilizare\u201d) \u00eenainte de a utiliza site-ul https:\/\/raisissoftware.com (\u201eServiciul\u201d) operat de Raisis Software (\u201enoi\u201d, \u201enou\u0103\u201d sau \u201eal nostru\/a noastr\u0103\/ai no\u0219tri\/ale noastre\u201d). Accesul \u0219i utilizarea serviciului dvs. sunt condi\u021bionate de acceptarea \u0219i respectarea acestor condi\u021bii. Ace\u0219ti Termeni se aplic\u0103 tuturor vizitatorilor, [&hellip;]<\/p>\n","protected":false},"author":1,"featured_media":0,"parent":0,"menu_order":0,"comment_status":"closed","ping_status":"closed","template":"","meta":{"_acf_changed":false,"footnotes":""},"project-category":[],"class_list":["post-1806","page","type-page","status-publish","hentry"],"acf":[],"_links":{"self":[{"href":"https:\/\/raisis.eu\/ro\/wp-json\/wp\/v2\/pages\/1806","targetHints":{"allow":["GET"]}}],"collection":[{"href":"https:\/\/raisis.eu\/ro\/wp-json\/wp\/v2\/pages"}],"about":[{"href":"https:\/\/raisis.eu\/ro\/wp-json\/wp\/v2\/types\/page"}],"author":[{"embeddable":true,"href":"https:\/\/raisis.eu\/ro\/wp-json\/wp\/v2\/users\/1"}],"replies":[{"embeddable":true,"href":"https:\/\/raisis.eu\/ro\/wp-json\/wp\/v2\/comments?post=1806"}],"version-history":[{"count":1,"href":"https:\/\/raisis.eu\/ro\/wp-json\/wp\/v2\/pages\/1806\/revisions"}],"predecessor-version":[{"id":1807,"href":"https:\/\/raisis.eu\/ro\/wp-json\/wp\/v2\/pages\/1806\/revisions\/1807"}],"wp:attachment":[{"href":"https:\/\/raisis.eu\/ro\/wp-json\/wp\/v2\/media?parent=1806"}],"wp:term":[{"taxonomy":"project-category","embeddable":true,"href":"https:\/\/raisis.eu\/ro\/wp-json\/wp\/v2\/project-category?post=1806"}],"curies":[{"name":"wp","href":"https:\/\/api.w.org\/{rel}","templated":true}]}}