{"id":1649,"date":"2025-05-21T07:05:55","date_gmt":"2025-05-21T07:05:55","guid":{"rendered":"https:\/\/raisis.eu\/portefeuille\/rpg-crm\/"},"modified":"2025-05-30T14:27:00","modified_gmt":"2025-05-30T14:27:00","slug":"rpg-crm","status":"publish","type":"page","link":"https:\/\/raisis.eu\/fr\/portefeuille\/rpg-crm\/","title":{"rendered":"RPG CRM"},"content":{"rendered":"","protected":false},"excerpt":{"rendered":"<p>Application personnalis\u00e9e pour optimiser les processus op\u00e9rationnels et les relations clients dans une entreprise de s\u00e9curit\u00e9<\/p>\n","protected":false},"author":1,"featured_media":1434,"parent":1638,"menu_order":0,"comment_status":"closed","ping_status":"closed","template":"","meta":{"_acf_changed":false,"footnotes":""},"project-category":[16],"class_list":["post-1649","page","type-page","status-publish","has-post-thumbnail","hentry","project-category-web-development"],"acf":[],"_links":{"self":[{"href":"https:\/\/raisis.eu\/fr\/wp-json\/wp\/v2\/pages\/1649","targetHints":{"allow":["GET"]}}],"collection":[{"href":"https:\/\/raisis.eu\/fr\/wp-json\/wp\/v2\/pages"}],"about":[{"href":"https:\/\/raisis.eu\/fr\/wp-json\/wp\/v2\/types\/page"}],"author":[{"embeddable":true,"href":"https:\/\/raisis.eu\/fr\/wp-json\/wp\/v2\/users\/1"}],"replies":[{"embeddable":true,"href":"https:\/\/raisis.eu\/fr\/wp-json\/wp\/v2\/comments?post=1649"}],"version-history":[{"count":1,"href":"https:\/\/raisis.eu\/fr\/wp-json\/wp\/v2\/pages\/1649\/revisions"}],"predecessor-version":[{"id":1684,"href":"https:\/\/raisis.eu\/fr\/wp-json\/wp\/v2\/pages\/1649\/revisions\/1684"}],"up":[{"embeddable":true,"href":"https:\/\/raisis.eu\/fr\/wp-json\/wp\/v2\/pages\/1638"}],"wp:featuredmedia":[{"embeddable":true,"href":"https:\/\/raisis.eu\/fr\/wp-json\/wp\/v2\/media\/1434"}],"wp:attachment":[{"href":"https:\/\/raisis.eu\/fr\/wp-json\/wp\/v2\/media?parent=1649"}],"wp:term":[{"taxonomy":"project-category","embeddable":true,"href":"https:\/\/raisis.eu\/fr\/wp-json\/wp\/v2\/project-category?post=1649"}],"curies":[{"name":"wp","href":"https:\/\/api.w.org\/{rel}","templated":true}]}}