{"id":1644,"date":"2025-05-21T06:51:20","date_gmt":"2025-05-21T06:51:20","guid":{"rendered":"https:\/\/raisis.eu\/portefeuille\/inbusiness-crm\/"},"modified":"2025-05-30T14:22:59","modified_gmt":"2025-05-30T14:22:59","slug":"inbusiness-crm","status":"publish","type":"page","link":"https:\/\/raisis.eu\/fr\/portefeuille\/inbusiness-crm\/","title":{"rendered":"InBusiness CRM"},"content":{"rendered":"","protected":false},"excerpt":{"rendered":"<p>Nous avons d\u00e9velopp\u00e9 une solution CRM compl\u00e8te pour un Business Club \u00e0 Suceava bas\u00e9e sur raisiscrm.eu<\/p>\n","protected":false},"author":1,"featured_media":1422,"parent":1638,"menu_order":0,"comment_status":"closed","ping_status":"closed","template":"","meta":{"_acf_changed":false,"footnotes":""},"project-category":[16],"class_list":["post-1644","page","type-page","status-publish","has-post-thumbnail","hentry","project-category-web-development"],"acf":[],"_links":{"self":[{"href":"https:\/\/raisis.eu\/fr\/wp-json\/wp\/v2\/pages\/1644","targetHints":{"allow":["GET"]}}],"collection":[{"href":"https:\/\/raisis.eu\/fr\/wp-json\/wp\/v2\/pages"}],"about":[{"href":"https:\/\/raisis.eu\/fr\/wp-json\/wp\/v2\/types\/page"}],"author":[{"embeddable":true,"href":"https:\/\/raisis.eu\/fr\/wp-json\/wp\/v2\/users\/1"}],"replies":[{"embeddable":true,"href":"https:\/\/raisis.eu\/fr\/wp-json\/wp\/v2\/comments?post=1644"}],"version-history":[{"count":1,"href":"https:\/\/raisis.eu\/fr\/wp-json\/wp\/v2\/pages\/1644\/revisions"}],"predecessor-version":[{"id":1679,"href":"https:\/\/raisis.eu\/fr\/wp-json\/wp\/v2\/pages\/1644\/revisions\/1679"}],"up":[{"embeddable":true,"href":"https:\/\/raisis.eu\/fr\/wp-json\/wp\/v2\/pages\/1638"}],"wp:featuredmedia":[{"embeddable":true,"href":"https:\/\/raisis.eu\/fr\/wp-json\/wp\/v2\/media\/1422"}],"wp:attachment":[{"href":"https:\/\/raisis.eu\/fr\/wp-json\/wp\/v2\/media?parent=1644"}],"wp:term":[{"taxonomy":"project-category","embeddable":true,"href":"https:\/\/raisis.eu\/fr\/wp-json\/wp\/v2\/project-category?post=1644"}],"curies":[{"name":"wp","href":"https:\/\/api.w.org\/{rel}","templated":true}]}}