{"id":1641,"date":"2025-05-21T06:57:32","date_gmt":"2025-05-21T06:57:32","guid":{"rendered":"https:\/\/raisis.eu\/portefeuille\/darex-auto-crm\/"},"modified":"2025-05-30T14:20:00","modified_gmt":"2025-05-30T14:20:00","slug":"darex-auto-crm","status":"publish","type":"page","link":"https:\/\/raisis.eu\/fr\/portefeuille\/darex-auto-crm\/","title":{"rendered":"Darex Auto CRM"},"content":{"rendered":"","protected":false},"excerpt":{"rendered":"<p>CRM bas\u00e9 sur Raisiscrm.eu qui aide l&rsquo;entreprise \u00e0 mieux g\u00e9rer ses KPI.<\/p>\n","protected":false},"author":1,"featured_media":1426,"parent":1638,"menu_order":0,"comment_status":"closed","ping_status":"closed","template":"","meta":{"_acf_changed":false,"footnotes":""},"project-category":[16],"class_list":["post-1641","page","type-page","status-publish","has-post-thumbnail","hentry","project-category-web-development"],"acf":[],"_links":{"self":[{"href":"https:\/\/raisis.eu\/fr\/wp-json\/wp\/v2\/pages\/1641","targetHints":{"allow":["GET"]}}],"collection":[{"href":"https:\/\/raisis.eu\/fr\/wp-json\/wp\/v2\/pages"}],"about":[{"href":"https:\/\/raisis.eu\/fr\/wp-json\/wp\/v2\/types\/page"}],"author":[{"embeddable":true,"href":"https:\/\/raisis.eu\/fr\/wp-json\/wp\/v2\/users\/1"}],"replies":[{"embeddable":true,"href":"https:\/\/raisis.eu\/fr\/wp-json\/wp\/v2\/comments?post=1641"}],"version-history":[{"count":1,"href":"https:\/\/raisis.eu\/fr\/wp-json\/wp\/v2\/pages\/1641\/revisions"}],"predecessor-version":[{"id":1676,"href":"https:\/\/raisis.eu\/fr\/wp-json\/wp\/v2\/pages\/1641\/revisions\/1676"}],"up":[{"embeddable":true,"href":"https:\/\/raisis.eu\/fr\/wp-json\/wp\/v2\/pages\/1638"}],"wp:featuredmedia":[{"embeddable":true,"href":"https:\/\/raisis.eu\/fr\/wp-json\/wp\/v2\/media\/1426"}],"wp:attachment":[{"href":"https:\/\/raisis.eu\/fr\/wp-json\/wp\/v2\/media?parent=1641"}],"wp:term":[{"taxonomy":"project-category","embeddable":true,"href":"https:\/\/raisis.eu\/fr\/wp-json\/wp\/v2\/project-category?post=1641"}],"curies":[{"name":"wp","href":"https:\/\/api.w.org\/{rel}","templated":true}]}}