{"id":1636,"date":"2025-05-20T07:44:58","date_gmt":"2025-05-20T07:44:58","guid":{"rendered":"https:\/\/raisis.eu\/politique-de-confidentialite\/"},"modified":"2025-05-30T12:42:20","modified_gmt":"2025-05-30T12:42:20","slug":"politique-de-confidentialite","status":"publish","type":"page","link":"https:\/\/raisis.eu\/fr\/politique-de-confidentialite\/","title":{"rendered":"Politique de confidentialit\u00e9"},"content":{"rendered":"\t\t<div data-elementor-type=\"wp-page\" data-elementor-id=\"1636\" class=\"elementor elementor-1636 elementor-48\" data-elementor-post-type=\"page\">\n\t\t\t\t<div class=\"elementor-element elementor-element-775147f e-con-full e-flex e-con e-parent\" data-id=\"775147f\" data-element_type=\"container\" data-e-type=\"container\" data-settings=\"{&quot;background_background&quot;:&quot;classic&quot;,&quot;shape_divider_bottom&quot;:&quot;tilt&quot;}\">\n\t\t\t\t<div class=\"elementor-shape elementor-shape-bottom\" aria-hidden=\"true\" data-negative=\"false\">\n\t\t\t<svg xmlns=\"http:\/\/www.w3.org\/2000\/svg\" viewBox=\"0 0 1000 100\" preserveAspectRatio=\"none\">\n\t<path class=\"elementor-shape-fill\" d=\"M0,6V0h1000v100L0,6z\"\/>\n<\/svg>\t\t<\/div>\n\t\t<div class=\"elementor-element elementor-element-7952106 e-con-full e-flex e-con e-child\" data-id=\"7952106\" data-element_type=\"container\" data-e-type=\"container\">\n\t\t\t\t<\/div>\n\t\t\t\t<\/div>\n\t\t<div class=\"elementor-element elementor-element-123e757 e-flex e-con-boxed e-con e-parent\" data-id=\"123e757\" data-element_type=\"container\" data-e-type=\"container\">\n\t\t\t\t\t<div class=\"e-con-inner\">\n\t\t\t\t<div class=\"elementor-element elementor-element-99a943a elementor-widget elementor-widget-text-editor\" data-id=\"99a943a\" data-element_type=\"widget\" data-e-type=\"widget\" data-widget_type=\"text-editor.default\">\n\t\t\t\t<div class=\"elementor-widget-container\">\n\t\t\t\t\t\t\t\t\t<div class=\"terms-and-conditions-component container\">\n<div class=\"terms-and-conditions-container\">\n<div class=\"terms-and-conditions-component container\">\n<p>Derni\u00e8re mise \u00e0 jour\u00a0: 01\/08\/2020<\/p>\n<\/div>\n<div class=\"terms-and-conditions-component container\">\n<p>Raisis Software (\u00ab\u00a0Nous\u00a0\u00bb, \u00ab\u00a0notre\u00a0\u00bb ou \u00ab\u00a0nos\u00a0\u00bb) travaille sur le site Raisis Software (\u00ab\u00a0Service\u00a0\u00bb).<\/p>\n<p>Cette page vous informe de nos politiques concernant la collecte, l&rsquo;utilisation et la divulgation de vos informations personnelles lorsque vous utilisez notre Service.<\/p>\n<p>Nous n&rsquo;utiliserons ni ne partagerons vos informations avec quiconque, \u00e0 l&rsquo;exception des personnes d\u00e9crites dans la pr\u00e9sente Politique de confidentialit\u00e9.<\/p>\n<p>Nous utilisons vos informations personnelles pour fournir et am\u00e9liorer le Service. En utilisant le Service, vous acceptez la collecte et l&rsquo;utilisation des informations conform\u00e9ment \u00e0 la pr\u00e9sente politique. Sauf d\u00e9finition contraire dans la pr\u00e9sente Politique de confidentialit\u00e9, les termes utilis\u00e9s dans la pr\u00e9sente Politique de confidentialit\u00e9 ont la m\u00eame signification que dans nos Conditions g\u00e9n\u00e9rales, accessibles sur Raisis Software.<\/p>\n<\/div>\n<div class=\"terms-and-conditions-component container\">\n<h2>Collecte et utilisation des informations<\/h2>\n<p>Lorsque vous utilisez notre Service, nous pouvons vous demander de nous fournir certaines informations personnelles identifiables qui peuvent \u00eatre utilis\u00e9es pour vous contacter ou vous identifier. Les informations personnelles identifiables (\u00ab\u00a0Informations personnelles\u00a0\u00bb) peuvent inclure, sans s&rsquo;y limiter\u00a0:<\/p>\n<ul>\n<li>Nom<\/li>\n<li>Adresse e-mail<\/li>\n<li>Num\u00e9ro de t\u00e9l\u00e9phone<\/li>\n<li>Donn\u00e9es de journal<\/li>\n<li>Entreprise<\/li>\n<\/ul>\n<p>Nous collectons les informations que votre navigateur envoie chaque fois que vous visitez notre Service (\u00ab\u00a0Donn\u00e9es de journal\u00a0\u00bb). Ces donn\u00e9es de journal peuvent inclure des informations telles que l&rsquo;adresse IP (Internet Protocol) de votre ordinateur, le type et la version de votre navigateur, les pages de notre Service que vous consultez, la date et l&rsquo;heure de votre visite, le temps pass\u00e9 sur ces pages et d&rsquo;autres statistiques.<\/p>\n<\/div>\n<div class=\"terms-and-conditions-component container\">\n<h2>Cookies<\/h2>\n<p>Les cookies sont des fichiers contenant une petite quantit\u00e9 de donn\u00e9es, qui peuvent inclure un identifiant anonyme unique. Les cookies sont envoy\u00e9s \u00e0 votre navigateur par un site web et sont stock\u00e9s sur le disque dur de votre ordinateur.<\/p>\n<p>Nous utilisons des \u00ab\u00a0cookies\u00a0\u00bb pour collecter des informations. Vous pouvez configurer votre navigateur pour refuser tous les cookies ou indiquer quand un cookie est envoy\u00e9. Toutefois, si vous n&rsquo;acceptez pas les cookies, vous risquez de ne pas pouvoir utiliser certaines parties de notre Service.<\/p>\n<\/div>\n<div class=\"terms-and-conditions-component container\">\n<h2>Fournisseurs de services<\/h2>\n<p>Nous pouvons engager des soci\u00e9t\u00e9s et des personnes tierces pour faciliter notre Service, pour fournir le Service en notre nom, pour ex\u00e9cuter des services li\u00e9s au Service ou pour nous aider \u00e0 analyser la fa\u00e7on dont notre Service est utilis\u00e9.<\/p>\n<p>Ces tiers ont acc\u00e8s \u00e0 vos informations. personnel uniquement pour effectuer ces t\u00e2ches en notre nom et ne sont pas tenus de les divulguer ou de les utiliser \u00e0 d&rsquo;autres fins.<\/p>\n<\/div>\n<div class=\"terms-and-conditions-component container\">\n<h2>S\u00e9curit\u00e9<\/h2>\n<p>La s\u00e9curit\u00e9 de vos informations personnelles est importante pour nous, mais n&rsquo;oubliez pas qu&rsquo;aucune m\u00e9thode de transmission sur Internet ou m\u00e9thode de stockage \u00e9lectronique n&rsquo;est s\u00fbre \u00e0 100 %. Bien que nous nous efforcions d&rsquo;utiliser des moyens commercialement acceptables pour prot\u00e9ger vos informations personnelles, nous ne pouvons garantir leur s\u00e9curit\u00e9 absolue.<\/p>\n<\/div>\n<div class=\"terms-and-conditions-component container\">\n<h2>Liens vers d&rsquo;autres sites<\/h2>\n<p>Notre service peut contenir des liens vers d&rsquo;autres sites que nous n&rsquo;exploitons pas. Si vous cliquez sur un lien tiers, vous serez redirig\u00e9 vers le site tiers. Nous vous recommandons vivement de consulter la politique de confidentialit\u00e9 de chaque site que vous consultez.<\/p>\n<p>Nous n&rsquo;avons aucun contr\u00f4le sur le contenu, les politiques de confidentialit\u00e9 ou les pratiques des sites ou services tiers et d\u00e9clinons toute responsabilit\u00e9 \u00e0 leur \u00e9gard.<\/p>\n<\/div>\n<div class=\"terms-and-conditions-component container\">\n<h2>Confidentialit\u00e9 des enfants<\/h2>\n<p>Notre service ne s&rsquo;adresse pas aux personnes de moins de 18 ans (\u00ab Enfants \u00bb).<\/p>\n<p>Nous ne collectons pas sciemment d&rsquo;informations personnelles identifiables aupr\u00e8s d&rsquo;enfants de moins de 18 ans. Si vous \u00eates un parent ou un tuteur et que vous savez que votre enfant nous fournit des informations personnelles, veuillez nous contacter. Si nous constatons qu&rsquo;un enfant de moins de 18 ans nous a fourni des informations personnelles, nous les supprimerons imm\u00e9diatement de nos serveurs.<\/p>\n<\/div>\n<div class=\"terms-and-conditions-component container\">\n<h2>Respect des lois<\/h2>\n<p>Nous divulguerons vos informations personnelles si la loi ou une assignation l&rsquo;exige.<\/p>\n<p>Modifications de la pr\u00e9sente politique de confidentialit\u00e9<\/p>\n<p>Nous pouvons \u00eatre amen\u00e9s \u00e0 mettre \u00e0 jour notre politique de confidentialit\u00e9 de temps \u00e0 autre. Nous vous informerons de toute modification en publiant la nouvelle politique de confidentialit\u00e9 sur cette page.<\/p>\n<p>Il est conseill\u00e9 de consulter r\u00e9guli\u00e8rement la pr\u00e9sente politique de confidentialit\u00e9 pour prendre connaissance de toute modification. Les modifications apport\u00e9es \u00e0 la pr\u00e9sente politique de confidentialit\u00e9 entrent en vigueur d\u00e8s leur publication sur cette page.<\/p>\n<\/div>\n<div class=\"terms-and-conditions-component container\">\n<h2>Nous contacter<\/h2>\n<p>Pour toute question concernant la pr\u00e9sente politique de confidentialit\u00e9, veuillez nous contacter.<\/p>\n<\/div>\n<\/div>\n<\/div>\n\t\t\t\t\t\t\t\t<\/div>\n\t\t\t\t<\/div>\n\t\t\t\t\t<\/div>\n\t\t\t\t<\/div>\n\t\t\t\t<\/div>\n\t\t","protected":false},"excerpt":{"rendered":"<p>Derni\u00e8re mise \u00e0 jour\u00a0: 01\/08\/2020 Raisis Software (\u00ab\u00a0Nous\u00a0\u00bb, \u00ab\u00a0notre\u00a0\u00bb ou \u00ab\u00a0nos\u00a0\u00bb) travaille sur le site Raisis Software (\u00ab\u00a0Service\u00a0\u00bb). Cette page vous informe de nos politiques concernant la collecte, l&rsquo;utilisation et la divulgation de vos informations personnelles lorsque vous utilisez notre Service. Nous n&rsquo;utiliserons ni ne partagerons vos informations avec quiconque, \u00e0 l&rsquo;exception des personnes d\u00e9crites [&hellip;]<\/p>\n","protected":false},"author":1,"featured_media":0,"parent":0,"menu_order":0,"comment_status":"closed","ping_status":"closed","template":"","meta":{"_acf_changed":false,"footnotes":""},"project-category":[],"class_list":["post-1636","page","type-page","status-publish","hentry"],"acf":[],"_links":{"self":[{"href":"https:\/\/raisis.eu\/fr\/wp-json\/wp\/v2\/pages\/1636","targetHints":{"allow":["GET"]}}],"collection":[{"href":"https:\/\/raisis.eu\/fr\/wp-json\/wp\/v2\/pages"}],"about":[{"href":"https:\/\/raisis.eu\/fr\/wp-json\/wp\/v2\/types\/page"}],"author":[{"embeddable":true,"href":"https:\/\/raisis.eu\/fr\/wp-json\/wp\/v2\/users\/1"}],"replies":[{"embeddable":true,"href":"https:\/\/raisis.eu\/fr\/wp-json\/wp\/v2\/comments?post=1636"}],"version-history":[{"count":1,"href":"https:\/\/raisis.eu\/fr\/wp-json\/wp\/v2\/pages\/1636\/revisions"}],"predecessor-version":[{"id":1637,"href":"https:\/\/raisis.eu\/fr\/wp-json\/wp\/v2\/pages\/1636\/revisions\/1637"}],"wp:attachment":[{"href":"https:\/\/raisis.eu\/fr\/wp-json\/wp\/v2\/media?parent=1636"}],"wp:term":[{"taxonomy":"project-category","embeddable":true,"href":"https:\/\/raisis.eu\/fr\/wp-json\/wp\/v2\/project-category?post=1636"}],"curies":[{"name":"wp","href":"https:\/\/api.w.org\/{rel}","templated":true}]}}