{"id":1719,"date":"2025-05-20T07:44:58","date_gmt":"2025-05-20T07:44:58","guid":{"rendered":"https:\/\/raisis.eu\/politica-de-privacidad\/"},"modified":"2025-06-02T08:00:16","modified_gmt":"2025-06-02T08:00:16","slug":"politica-de-privacidad","status":"publish","type":"page","link":"https:\/\/raisis.eu\/es\/politica-de-privacidad\/","title":{"rendered":"Pol\u00edtica de privacidad"},"content":{"rendered":"\t\t<div data-elementor-type=\"wp-page\" data-elementor-id=\"1719\" class=\"elementor elementor-1719 elementor-48\" data-elementor-post-type=\"page\">\n\t\t\t\t<div class=\"elementor-element elementor-element-775147f e-con-full e-flex e-con e-parent\" data-id=\"775147f\" data-element_type=\"container\" data-e-type=\"container\" data-settings=\"{&quot;background_background&quot;:&quot;classic&quot;,&quot;shape_divider_bottom&quot;:&quot;tilt&quot;}\">\n\t\t\t\t<div class=\"elementor-shape elementor-shape-bottom\" aria-hidden=\"true\" data-negative=\"false\">\n\t\t\t<svg xmlns=\"http:\/\/www.w3.org\/2000\/svg\" viewBox=\"0 0 1000 100\" preserveAspectRatio=\"none\">\n\t<path class=\"elementor-shape-fill\" d=\"M0,6V0h1000v100L0,6z\"\/>\n<\/svg>\t\t<\/div>\n\t\t<div class=\"elementor-element elementor-element-7952106 e-con-full e-flex e-con e-child\" data-id=\"7952106\" data-element_type=\"container\" data-e-type=\"container\">\n\t\t\t\t<\/div>\n\t\t\t\t<\/div>\n\t\t<div class=\"elementor-element elementor-element-123e757 e-flex e-con-boxed e-con e-parent\" data-id=\"123e757\" data-element_type=\"container\" data-e-type=\"container\">\n\t\t\t\t\t<div class=\"e-con-inner\">\n\t\t\t\t<div class=\"elementor-element elementor-element-99a943a elementor-widget elementor-widget-text-editor\" data-id=\"99a943a\" data-element_type=\"widget\" data-e-type=\"widget\" data-widget_type=\"text-editor.default\">\n\t\t\t\t<div class=\"elementor-widget-container\">\n\t\t\t\t\t\t\t\t\t<div class=\"terms-and-conditions-component container\">\n<div class=\"terms-and-conditions-container\">\n<div class=\"terms-and-conditions-component container\">\n<p>\u00daltima actualizaci\u00f3n: 01.08.2020<\/p>\n<\/div>\n<div class=\"terms-and-conditions-component container\">\n<p>Raisis Software (\u201cNosotros\u201d, \u201cnos\u201d o \u201cnuestro\u201d) opera en el sitio Raisis Software (\u201cServicio\u201d).<\/p>\n<p>Esta p\u00e1gina le informa sobre nuestras pol\u00edticas con respecto a la recopilaci\u00f3n, el uso y la divulgaci\u00f3n de su informaci\u00f3n personal cuando utiliza nuestro Servicio.<\/p>\n<p>No utilizaremos ni compartiremos su informaci\u00f3n con nadie, excepto con las personas descritas en esta Pol\u00edtica de Privacidad.<\/p>\n<p>Utilizamos su informaci\u00f3n para proporcionar y mejorar el Servicio. Al utilizar el Servicio, usted acepta la recopilaci\u00f3n y el uso de informaci\u00f3n de acuerdo con esta pol\u00edtica. A menos que se defina lo contrario en esta Pol\u00edtica de Privacidad, los t\u00e9rminos utilizados en ella tienen el mismo significado que en nuestros T\u00e9rminos y Condiciones, accesibles en Raisis Software.<\/p>\n<\/div>\n<div class=\"terms-and-conditions-component container\">\n<h2>Recopilaci\u00f3n y uso de informaci\u00f3n<\/h2>\n<p>Al utilizar nuestro Servicio, podr\u00edamos solicitarle cierta informaci\u00f3n personal identificable que podr\u00eda utilizarse para contactarle o identificarle. La Informaci\u00f3n Personal Identificable (\u00abInformaci\u00f3n Personal\u00bb) puede incluir, entre otros:<\/p>\n<ul>\n<li>Nombre<\/li>\n<li>Correo electr\u00f3nico<\/li>\n<li>N\u00famero de tel\u00e9fono<\/li>\n<li>Datos de registro<\/li>\n<li>Empresa<\/li>\n<\/ul>\n<p>Recopilamos la informaci\u00f3n que su navegador env\u00eda cada vez que visita nuestro Servicio (\u00abDatos de registro\u00bb). Estos datos de registro pueden incluir informaci\u00f3n como la direcci\u00f3n IP de su ordenador, el tipo y la versi\u00f3n del navegador, las p\u00e1ginas de nuestro Servicio que visita, la hora y la fecha de su visita, el tiempo que pasa en esas p\u00e1ginas y otras estad\u00edsticas.<\/p>\n<\/div>\n<div class=\"terms-and-conditions-component container\">\n<h2>Cookies<\/h2>\n<p>Las cookies son archivos con una peque\u00f1a cantidad de datos, que pueden incluir un identificador an\u00f3nimo \u00fanico. Las cookies se env\u00edan a su navegador desde un sitio web y se almacenan en el disco duro de su ordenador.<\/p>\n<p>Utilizamos cookies para recopilar informaci\u00f3n. Puede configurar su navegador para que rechace todas las cookies o para que le indique cu\u00e1ndo se env\u00eda una. Sin embargo, si no acepta las cookies, es posible que no pueda usar algunas partes de nuestro Servicio.<\/p>\n<\/div>\n<div class=\"terms-and-conditions-component container\">\n<h2>Proveedores de servicios<\/h2>\n<p>Podemos contratar a empresas e individuos externos para facilitar nuestro Servicio, para proporcionar el Servicio en nuestro nombre, para realizar servicios relacionados con el Servicio o para ayudarnos a analizar c\u00f3mo se utiliza nuestro Servicio.<\/p>\n<p>Estos terceros tienen acceso a su informaci\u00f3n. personal \u00fanicamente para realizar estas tareas en nuestro nombre y no est\u00e1n obligados a divulgarla ni utilizarla para ning\u00fan otro prop\u00f3sito.<\/p>\n<\/div>\n<div class=\"terms-and-conditions-component container\">\n<h2>Seguridad<\/h2>\n<p>Seguridad de su informaci\u00f3n personal es importante para nosotros, pero recuerde que ning\u00fan m\u00e9todo de transmisi\u00f3n por Internet o m\u00e9todo de almacenamiento electr\u00f3nico es 100% seguro. Aunque nos esforzamos por utilizar medios comercialmente aceptables para proteger su informaci\u00f3n personal, no podemos garantizar su seguridad absoluta.<\/p>\n<\/div>\n<div class=\"terms-and-conditions-component container\">\n<h2>Enlaces a otros sitios<\/h2>\n<p>Nuestro servicio puede contener enlaces a otros sitios que no operamos nosotros. Si hace clic en un enlace de un tercero, ser\u00e1 redirigido al sitio web de dicho tercero. Le recomendamos encarecidamente que revise la Pol\u00edtica de Privacidad de cada sitio que visite.<\/p>\n<p>No tenemos control ni asumimos ninguna responsabilidad por el contenido, las pol\u00edticas de privacidad ni las pr\u00e1cticas de sitios o servicios de terceros.<\/p>\n<\/div>\n<div class=\"terms-and-conditions-component container\">\n<h2>Confidencialidad infantil<\/h2>\n<p>Nuestro servicio no est\u00e1 dirigido a menores de 18 a\u00f1os (\u00abNi\u00f1os\u00bb).<\/p>\n<p>No recopilamos intencionalmente informaci\u00f3n personal identificable de menores de 18 a\u00f1os. Si usted es padre, madre o tutor y sabe que su hijo\/a nos ha proporcionado informaci\u00f3n personal, p\u00f3ngase en contacto con nosotros. Si descubrimos que un menor de 18 a\u00f1os nos ha proporcionado informaci\u00f3n personal, la eliminaremos inmediatamente de nuestros servidores.<\/p>\n<\/div>\n<div class=\"terms-and-conditions-component container\">\n<h2>Cumplimiento legal<\/h2>\n<p>Divulgaremos su informaci\u00f3n personal cuando sea necesario, ya sea por ley o por citaci\u00f3n judicial.<\/p>\n<p>Cambios a esta pol\u00edtica de privacidad<\/p>\n<p>Podemos actualizar nuestra Pol\u00edtica de Privacidad ocasionalmente. Le notificaremos cualquier cambio publicando la nueva Pol\u00edtica de Privacidad en esta p\u00e1gina.<\/p>\n<p>Le recomendamos revisar peri\u00f3dicamente esta Pol\u00edtica de Privacidad para estar al tanto de cualquier cambio. Los cambios a esta pol\u00edtica de privacidad entran en vigor al publicarse en esta p\u00e1gina.<\/p>\n<\/div>\n<div class=\"terms-and-conditions-component container\">\n<h2>Cont\u00e1ctenos<\/h2>\n<p>Si tiene alguna pregunta sobre esta pol\u00edtica de privacidad, cont\u00e1ctenos.<\/p>\n<\/div>\n<\/div>\n<\/div>\n\t\t\t\t\t\t\t\t<\/div>\n\t\t\t\t<\/div>\n\t\t\t\t\t<\/div>\n\t\t\t\t<\/div>\n\t\t\t\t<\/div>\n\t\t","protected":false},"excerpt":{"rendered":"<p>\u00daltima actualizaci\u00f3n: 01.08.2020 Raisis Software (\u201cNosotros\u201d, \u201cnos\u201d o \u201cnuestro\u201d) opera en el sitio Raisis Software (\u201cServicio\u201d). Esta p\u00e1gina le informa sobre nuestras pol\u00edticas con respecto a la recopilaci\u00f3n, el uso y la divulgaci\u00f3n de su informaci\u00f3n personal cuando utiliza nuestro Servicio. No utilizaremos ni compartiremos su informaci\u00f3n con nadie, excepto con las personas descritas en [&hellip;]<\/p>\n","protected":false},"author":1,"featured_media":0,"parent":0,"menu_order":0,"comment_status":"closed","ping_status":"closed","template":"","meta":{"_acf_changed":false,"footnotes":""},"project-category":[],"class_list":["post-1719","page","type-page","status-publish","hentry"],"acf":[],"_links":{"self":[{"href":"https:\/\/raisis.eu\/es\/wp-json\/wp\/v2\/pages\/1719","targetHints":{"allow":["GET"]}}],"collection":[{"href":"https:\/\/raisis.eu\/es\/wp-json\/wp\/v2\/pages"}],"about":[{"href":"https:\/\/raisis.eu\/es\/wp-json\/wp\/v2\/types\/page"}],"author":[{"embeddable":true,"href":"https:\/\/raisis.eu\/es\/wp-json\/wp\/v2\/users\/1"}],"replies":[{"embeddable":true,"href":"https:\/\/raisis.eu\/es\/wp-json\/wp\/v2\/comments?post=1719"}],"version-history":[{"count":1,"href":"https:\/\/raisis.eu\/es\/wp-json\/wp\/v2\/pages\/1719\/revisions"}],"predecessor-version":[{"id":1720,"href":"https:\/\/raisis.eu\/es\/wp-json\/wp\/v2\/pages\/1719\/revisions\/1720"}],"wp:attachment":[{"href":"https:\/\/raisis.eu\/es\/wp-json\/wp\/v2\/media?parent=1719"}],"wp:term":[{"taxonomy":"project-category","embeddable":true,"href":"https:\/\/raisis.eu\/es\/wp-json\/wp\/v2\/project-category?post=1719"}],"curies":[{"name":"wp","href":"https:\/\/api.w.org\/{rel}","templated":true}]}}