{"id":1712,"date":"2025-05-21T06:43:38","date_gmt":"2025-05-21T06:43:38","guid":{"rendered":"https:\/\/raisis.eu\/portafolio\/aplicacion-movil-para-la-automatizacion-de-procesos-de-documentos-de-hbfs\/"},"modified":"2025-05-21T06:43:38","modified_gmt":"2025-05-21T06:43:38","slug":"aplicacion-movil-para-la-automatizacion-de-procesos-de-documentos-de-hbfs","status":"publish","type":"page","link":"https:\/\/raisis.eu\/es\/portafolio\/aplicacion-movil-para-la-automatizacion-de-procesos-de-documentos-de-hbfs\/","title":{"rendered":"Aplicaci\u00f3n m\u00f3vil para la automatizaci\u00f3n de procesos de documentos de HBFS"},"content":{"rendered":"","protected":false},"excerpt":{"rendered":"<p>Aplicaci\u00f3n web y aplicaci\u00f3n m\u00f3vil personalizadas para optimizar el flujo de documentos entre departamentos.<\/p>\n","protected":false},"author":1,"featured_media":1405,"parent":1705,"menu_order":0,"comment_status":"closed","ping_status":"closed","template":"","meta":{"_acf_changed":false,"footnotes":""},"project-category":[13,16],"class_list":["post-1712","page","type-page","status-publish","has-post-thumbnail","hentry","project-category-mobile-apps","project-category-web-development"],"acf":[],"_links":{"self":[{"href":"https:\/\/raisis.eu\/es\/wp-json\/wp\/v2\/pages\/1712","targetHints":{"allow":["GET"]}}],"collection":[{"href":"https:\/\/raisis.eu\/es\/wp-json\/wp\/v2\/pages"}],"about":[{"href":"https:\/\/raisis.eu\/es\/wp-json\/wp\/v2\/types\/page"}],"author":[{"embeddable":true,"href":"https:\/\/raisis.eu\/es\/wp-json\/wp\/v2\/users\/1"}],"replies":[{"embeddable":true,"href":"https:\/\/raisis.eu\/es\/wp-json\/wp\/v2\/comments?post=1712"}],"version-history":[{"count":0,"href":"https:\/\/raisis.eu\/es\/wp-json\/wp\/v2\/pages\/1712\/revisions"}],"up":[{"embeddable":true,"href":"https:\/\/raisis.eu\/es\/wp-json\/wp\/v2\/pages\/1705"}],"wp:featuredmedia":[{"embeddable":true,"href":"https:\/\/raisis.eu\/es\/wp-json\/wp\/v2\/media\/1405"}],"wp:attachment":[{"href":"https:\/\/raisis.eu\/es\/wp-json\/wp\/v2\/media?parent=1712"}],"wp:term":[{"taxonomy":"project-category","embeddable":true,"href":"https:\/\/raisis.eu\/es\/wp-json\/wp\/v2\/project-category?post=1712"}],"curies":[{"name":"wp","href":"https:\/\/api.w.org\/{rel}","templated":true}]}}