{"id":1703,"date":"2025-05-20T07:45:09","date_gmt":"2025-05-20T07:45:09","guid":{"rendered":"https:\/\/raisis.eu\/politica-de-cookies\/"},"modified":"2025-06-02T06:18:35","modified_gmt":"2025-06-02T06:18:35","slug":"politica-de-cookies","status":"publish","type":"page","link":"https:\/\/raisis.eu\/es\/politica-de-cookies\/","title":{"rendered":"Pol\u00edtica de cookies"},"content":{"rendered":"\t\t<div data-elementor-type=\"wp-page\" data-elementor-id=\"1703\" class=\"elementor elementor-1703 elementor-49\" data-elementor-post-type=\"page\">\n\t\t\t\t<div class=\"elementor-element elementor-element-7d780de e-con-full e-flex e-con e-parent\" data-id=\"7d780de\" data-element_type=\"container\" data-e-type=\"container\" data-settings=\"{&quot;background_background&quot;:&quot;classic&quot;,&quot;shape_divider_bottom&quot;:&quot;tilt&quot;}\">\n\t\t\t\t<div class=\"elementor-shape elementor-shape-bottom\" aria-hidden=\"true\" data-negative=\"false\">\n\t\t\t<svg xmlns=\"http:\/\/www.w3.org\/2000\/svg\" viewBox=\"0 0 1000 100\" preserveAspectRatio=\"none\">\n\t<path class=\"elementor-shape-fill\" d=\"M0,6V0h1000v100L0,6z\"\/>\n<\/svg>\t\t<\/div>\n\t\t<div class=\"elementor-element elementor-element-db3ca81 e-con-full e-flex e-con e-child\" data-id=\"db3ca81\" data-element_type=\"container\" data-e-type=\"container\">\n\t\t\t\t<\/div>\n\t\t\t\t<\/div>\n\t\t<div class=\"elementor-element elementor-element-c5bb304 e-flex e-con-boxed e-con e-parent\" data-id=\"c5bb304\" data-element_type=\"container\" data-e-type=\"container\">\n\t\t\t\t\t<div class=\"e-con-inner\">\n\t\t\t\t<div class=\"elementor-element elementor-element-f6b457d elementor-widget elementor-widget-text-editor\" data-id=\"f6b457d\" data-element_type=\"widget\" data-e-type=\"widget\" data-widget_type=\"text-editor.default\">\n\t\t\t\t<div class=\"elementor-widget-container\">\n\t\t\t\t\t\t\t\t\t<div class=\"terms-and-conditions-component container\">\n<p>\u00daltima actualizaci\u00f3n: 01\/08\/2020<\/p>\n<\/div>\n<div class=\"terms-and-conditions-component container\">\n<h2>\u00bfQU\u00c9 SON LAS COOKIES? \u00bfQU\u00c9 ES UNA COOKIE?<\/h2>\n<p>Las cookies son peque\u00f1os archivos que se almacenan en el ordenador del usuario. Est\u00e1n dise\u00f1adas para almacenar una peque\u00f1a cantidad de datos espec\u00edficos del cliente y del sitio web, y pueden ser accedidas tanto por el servidor web como por el ordenador del cliente. Esto permite que el servidor muestre una p\u00e1gina personalizada para un usuario espec\u00edfico, o que la propia p\u00e1gina contenga un script que reconoce los datos de las cookies y, por lo tanto, puede transportar informaci\u00f3n de una visita al siguiente sitio web (o sitios web).<\/p>\n<\/div>\n<div class=\"terms-and-conditions-component container\">\n<h2>\u00bfEST\u00c1N ACTIVADAS LAS COOKIES EN MI NAVEGADOR?<\/h2>\n<p>Para comprobar si su navegador est\u00e1 configurado para permitir cookies, visite el Comprobador de Cookies. Esta p\u00e1gina intentar\u00e1 crear una cookie e informar\u00e1 si se ha creado correctamente.<\/p>\n<p>Para obtener informaci\u00f3n sobre c\u00f3mo habilitar o deshabilitar las cookies, consulte \u00abHabilitar cookies\u00bb.<\/p>\n<p>Para obtener informaci\u00f3n sobre c\u00f3mo eliminar y eliminar cookies, consulte \u00abEliminar cookies\u00bb.<\/p>\n<p>\u00bfPuedo ver las cookies que tengo en mi ordenador?<\/p>\n<p>La mayor\u00eda de los navegadores tienen una pantalla de configuraci\u00f3n que permite al usuario ver qu\u00e9 cookies se han almacenado en el ordenador y, opcionalmente, eliminarlas. Para obtener m\u00e1s informaci\u00f3n, consulte la p\u00e1gina de vista previa de cookies.<\/p>\n<p>Tenga en cuenta que una p\u00e1gina web no puede ver las cookies establecidas por otros sitios, ya que esto supondr\u00eda un problema de privacidad y seguridad.<\/p>\n<\/div>\n<div class=\"terms-and-conditions-component container\">\n<h2>\u00bfQU\u00c9 CONTIENE UNA COOKIE?<\/h2>\n<p>Cada cookie es, en realidad, una peque\u00f1a tabla de b\u00fasqueda que contiene pares de valores (clave, datos); por ejemplo, (nombre, John) (nombre, Smith). Una vez que el c\u00f3digo del servidor o del ordenador cliente lee la cookie, los datos se pueden recuperar y utilizar para personalizar correctamente la p\u00e1gina web.<\/p>\n<p>\u00bfCu\u00e1ndo se crean las cookies?<\/p>\n<p>La escritura de datos en una cookie suele realizarse al cargar una nueva p\u00e1gina web; por ejemplo, tras pulsar el bot\u00f3n \u00abEnviar\u00bb, la p\u00e1gina de gesti\u00f3n de datos se encarga de almacenar los valores en la cookie. Si el usuario ha optado por desactivar las cookies, la operaci\u00f3n de escritura no se realizar\u00e1 correctamente y los sitios web posteriores que dependan de la cookie deber\u00e1n realizar una acci\u00f3n predeterminada o solicitar al usuario que vuelva a introducir la informaci\u00f3n almacenada en la cookie.<\/p>\n<\/div>\n<div class=\"terms-and-conditions-component container\">\n<h2>\u00bfPOR QU\u00c9 SE UTILIZAN LAS COOKIES?<\/h2>\n<p>Las cookies son una forma pr\u00e1ctica de transferir informaci\u00f3n de una sesi\u00f3n a otra en un sitio web o entre sesiones en sitios web relacionados, sin necesidad de cargar un servidor con grandes cantidades de almacenamiento de datos. Almacenar datos en el servidor sin usar cookies tambi\u00e9n ser\u00eda problem\u00e1tico, ya que ser\u00eda dif\u00edcil recuperar la informaci\u00f3n de un usuario espec\u00edfico sin requerir autenticaci\u00f3n en cada visita al sitio web.<\/p>\n<p>Si hay una gran cantidad de informaci\u00f3n que almacenar, una cookie puede usarse simplemente para identificar a un usuario y buscar informaci\u00f3n adicional en una base de datos del servidor. Por ejemplo, la primera vez que un usuario visita un sitio, puede elegir un nombre de usuario almacenado en la cookie y luego proporcionar datos como contrase\u00f1a, nombre, direcci\u00f3n, tama\u00f1o de fuente preferido, dise\u00f1o de p\u00e1gina, etc. Esta informaci\u00f3n se almacenar\u00eda en la base de datos utilizando el nombre de usuario como clave. Posteriormente, al revisar el sitio, el servidor leer\u00e1 la cookie para encontrar el nombre de usuario y recuperar\u00e1 toda la informaci\u00f3n del usuario de la base de datos sin volver a ingresarla.<\/p>\n<\/div>\n<div class=\"terms-and-conditions-component container\">\n<h2>\u00bfCU\u00c1NTO TIEMPO TARDA UNA COOKIE?<\/h2>\n<p>El tiempo de expiraci\u00f3n de una cookie se puede configurar al crearla. De forma predeterminada, la cookie se destruye al cerrar la ventana del navegador, pero puede permanecer activa durante un periodo arbitrario despu\u00e9s.<\/p>\n<\/div>\n<div class=\"terms-and-conditions-component container\">\n<h2>\u00bfQUI\u00c9N PUEDE ACCEDER A LAS COOKIES?<\/h2>\n<p>Cuando se crea una cookie, se puede controlar su visibilidad configurando el dominio ra\u00edz. Ser\u00e1 accesible desde cualquier URL perteneciente a ese dominio ra\u00edz. Por ejemplo, si el dominio ra\u00edz se configura como \u00abwhatarecookies.com\u00bb, la cookie estar\u00e1 disponible para los sitios \u00abwww.whatarecookies.com\u00bb, \u00abxyz.whatarecookies.com\u00bb o \u00abwhatarecookies.com\u00bb. Esto permite que las p\u00e1ginas relacionadas se comuniquen entre s\u00ed. No es posible configurar el dominio ra\u00edz en dominios de \u00abnivel superior\u00bb, como \u00ab.com\u00bb o \u00ab.co.uk\u00bb, ya que esto permitir\u00eda un amplio acceso a la cookie.<\/p>\n<p>De forma predeterminada, las cookies son visibles para todas las rutas de su dominio, pero al momento de su creaci\u00f3n pueden estar restringidas a una subruta espec\u00edfica, por ejemplo, \u00abwww.whatarecookies.com\/images\u00bb.<\/p>\n<\/div>\n<div class=\"terms-and-conditions-component container\">\u00bfQU\u00c9 TAN SEGURAS SON LAS COOKIES? Existen muchas preocupaciones sobre la privacidad y la seguridad en internet. Las cookies no representan, en s\u00ed mismas, una amenaza para la privacidad, ya que solo se utilizan para almacenar informaci\u00f3n que el usuario ha proporcionado voluntariamente o que ya tiene en el servidor web. Si bien esta informaci\u00f3n puede estar disponible para ciertos sitios web de terceros, no es peor que almacenarla en una base de datos central. Si le preocupa que la informaci\u00f3n que proporciona a un servidor web no se considere confidencial, deber\u00eda preguntarse si realmente necesita proporcionarla.<\/p>\n<\/div>\n<div class=\"terms-and-conditions-component container\">\n<h2>\u00bfQU\u00c9 SON LAS COOKIES DE SEGUIMIENTO?<\/h2>\n<p>Algunos sitios comerciales incluyen materiales publicitarios incrustados proporcionados por un sitio de terceros, y dichos anuncios pueden almacenar una cookie para ese sitio de terceros, que contiene informaci\u00f3n que les proporciona el sitio que los contiene; dicha informaci\u00f3n puede incluir el nombre del sitio, ciertos productos vistos, p\u00e1ginas visitadas, etc. Cuando el usuario visita posteriormente otro sitio que contiene un anuncio incrustado similar del mismo sitio de terceros, el anunciante podr\u00e1 leer la cookie y usarla para determinar informaci\u00f3n sobre el historial de navegaci\u00f3n del usuario. Esto permite a los editores publicar anuncios dirigidos a los intereses del usuario, por lo que, en teor\u00eda, tienen una mayor probabilidad de ser relevantes para \u00e9l. Sin embargo, muchas personas consideran que estas \u00abcookies de seguimiento\u00bb constituyen una invasi\u00f3n de la privacidad, ya que permiten a un anunciante crear perfiles de usuario sin su consentimiento o conocimiento.<\/p>\n<\/div>\n\t\t\t\t\t\t\t\t<\/div>\n\t\t\t\t<\/div>\n\t\t\t\t\t<\/div>\n\t\t\t\t<\/div>\n\t\t\t\t<\/div>\n\t\t","protected":false},"excerpt":{"rendered":"<p>\u00daltima actualizaci\u00f3n: 01\/08\/2020 \u00bfQU\u00c9 SON LAS COOKIES? \u00bfQU\u00c9 ES UNA COOKIE? Las cookies son peque\u00f1os archivos que se almacenan en el ordenador del usuario. Est\u00e1n dise\u00f1adas para almacenar una peque\u00f1a cantidad de datos espec\u00edficos del cliente y del sitio web, y pueden ser accedidas tanto por el servidor web como por el ordenador del cliente. [&hellip;]<\/p>\n","protected":false},"author":1,"featured_media":0,"parent":0,"menu_order":0,"comment_status":"closed","ping_status":"closed","template":"","meta":{"_acf_changed":false,"footnotes":""},"project-category":[],"class_list":["post-1703","page","type-page","status-publish","hentry"],"acf":[],"_links":{"self":[{"href":"https:\/\/raisis.eu\/es\/wp-json\/wp\/v2\/pages\/1703","targetHints":{"allow":["GET"]}}],"collection":[{"href":"https:\/\/raisis.eu\/es\/wp-json\/wp\/v2\/pages"}],"about":[{"href":"https:\/\/raisis.eu\/es\/wp-json\/wp\/v2\/types\/page"}],"author":[{"embeddable":true,"href":"https:\/\/raisis.eu\/es\/wp-json\/wp\/v2\/users\/1"}],"replies":[{"embeddable":true,"href":"https:\/\/raisis.eu\/es\/wp-json\/wp\/v2\/comments?post=1703"}],"version-history":[{"count":1,"href":"https:\/\/raisis.eu\/es\/wp-json\/wp\/v2\/pages\/1703\/revisions"}],"predecessor-version":[{"id":1704,"href":"https:\/\/raisis.eu\/es\/wp-json\/wp\/v2\/pages\/1703\/revisions\/1704"}],"wp:attachment":[{"href":"https:\/\/raisis.eu\/es\/wp-json\/wp\/v2\/media?parent=1703"}],"wp:term":[{"taxonomy":"project-category","embeddable":true,"href":"https:\/\/raisis.eu\/es\/wp-json\/wp\/v2\/project-category?post=1703"}],"curies":[{"name":"wp","href":"https:\/\/api.w.org\/{rel}","templated":true}]}}