{"id":1783,"date":"2025-05-21T07:28:51","date_gmt":"2025-05-21T07:28:51","guid":{"rendered":"https:\/\/raisis.eu\/portfolio\/raisis-crm\/"},"modified":"2025-05-21T07:28:51","modified_gmt":"2025-05-21T07:28:51","slug":"raisis-crm","status":"publish","type":"page","link":"https:\/\/raisis.eu\/de\/portfolio\/raisis-crm\/","title":{"rendered":"Raisis CRM"},"content":{"rendered":"","protected":false},"excerpt":{"rendered":"<p>Raisis CRM ist ein fortschrittliches System f\u00fcr Unternehmen, das eine Komplettl\u00f6sung f\u00fcr die Verwaltung von Angeboten, Terminen, Fuhrpark und Kunden bietet.<\/p>\n","protected":false},"author":1,"featured_media":1499,"parent":1759,"menu_order":0,"comment_status":"closed","ping_status":"closed","template":"","meta":{"_acf_changed":false,"footnotes":""},"project-category":[16],"class_list":["post-1783","page","type-page","status-publish","has-post-thumbnail","hentry","project-category-web-development"],"acf":[],"_links":{"self":[{"href":"https:\/\/raisis.eu\/de\/wp-json\/wp\/v2\/pages\/1783","targetHints":{"allow":["GET"]}}],"collection":[{"href":"https:\/\/raisis.eu\/de\/wp-json\/wp\/v2\/pages"}],"about":[{"href":"https:\/\/raisis.eu\/de\/wp-json\/wp\/v2\/types\/page"}],"author":[{"embeddable":true,"href":"https:\/\/raisis.eu\/de\/wp-json\/wp\/v2\/users\/1"}],"replies":[{"embeddable":true,"href":"https:\/\/raisis.eu\/de\/wp-json\/wp\/v2\/comments?post=1783"}],"version-history":[{"count":0,"href":"https:\/\/raisis.eu\/de\/wp-json\/wp\/v2\/pages\/1783\/revisions"}],"up":[{"embeddable":true,"href":"https:\/\/raisis.eu\/de\/wp-json\/wp\/v2\/pages\/1759"}],"wp:featuredmedia":[{"embeddable":true,"href":"https:\/\/raisis.eu\/de\/wp-json\/wp\/v2\/media\/1499"}],"wp:attachment":[{"href":"https:\/\/raisis.eu\/de\/wp-json\/wp\/v2\/media?parent=1783"}],"wp:term":[{"taxonomy":"project-category","embeddable":true,"href":"https:\/\/raisis.eu\/de\/wp-json\/wp\/v2\/project-category?post=1783"}],"curies":[{"name":"wp","href":"https:\/\/api.w.org\/{rel}","templated":true}]}}