{"id":1782,"date":"2025-05-21T06:04:23","date_gmt":"2025-05-21T06:04:23","guid":{"rendered":"https:\/\/raisis.eu\/portfolio\/oskar-shop-mobile-app\/"},"modified":"2025-05-21T06:04:23","modified_gmt":"2025-05-21T06:04:23","slug":"oskar-shop-mobile-app","status":"publish","type":"page","link":"https:\/\/raisis.eu\/de\/portfolio\/oskar-shop-mobile-app\/","title":{"rendered":"Oskar Shop Mobile App"},"content":{"rendered":"","protected":false},"excerpt":{"rendered":"<p>Mobile iOS- und Android-Anwendung f\u00fcr einen Online-Shop, der eine sehr gro\u00dfe Auswahl an Haarverl\u00e4ngerungen anbietet<\/p>\n","protected":false},"author":1,"featured_media":1363,"parent":1759,"menu_order":0,"comment_status":"closed","ping_status":"closed","template":"","meta":{"_acf_changed":false,"footnotes":""},"project-category":[13],"class_list":["post-1782","page","type-page","status-publish","has-post-thumbnail","hentry","project-category-mobile-apps"],"acf":[],"_links":{"self":[{"href":"https:\/\/raisis.eu\/de\/wp-json\/wp\/v2\/pages\/1782","targetHints":{"allow":["GET"]}}],"collection":[{"href":"https:\/\/raisis.eu\/de\/wp-json\/wp\/v2\/pages"}],"about":[{"href":"https:\/\/raisis.eu\/de\/wp-json\/wp\/v2\/types\/page"}],"author":[{"embeddable":true,"href":"https:\/\/raisis.eu\/de\/wp-json\/wp\/v2\/users\/1"}],"replies":[{"embeddable":true,"href":"https:\/\/raisis.eu\/de\/wp-json\/wp\/v2\/comments?post=1782"}],"version-history":[{"count":0,"href":"https:\/\/raisis.eu\/de\/wp-json\/wp\/v2\/pages\/1782\/revisions"}],"up":[{"embeddable":true,"href":"https:\/\/raisis.eu\/de\/wp-json\/wp\/v2\/pages\/1759"}],"wp:featuredmedia":[{"embeddable":true,"href":"https:\/\/raisis.eu\/de\/wp-json\/wp\/v2\/media\/1363"}],"wp:attachment":[{"href":"https:\/\/raisis.eu\/de\/wp-json\/wp\/v2\/media?parent=1782"}],"wp:term":[{"taxonomy":"project-category","embeddable":true,"href":"https:\/\/raisis.eu\/de\/wp-json\/wp\/v2\/project-category?post=1782"}],"curies":[{"name":"wp","href":"https:\/\/api.w.org\/{rel}","templated":true}]}}