{"id":1777,"date":"2025-05-21T07:13:23","date_gmt":"2025-05-21T07:13:23","guid":{"rendered":"https:\/\/raisis.eu\/portfolio\/ecvr-saas\/"},"modified":"2025-05-21T07:13:23","modified_gmt":"2025-05-21T07:13:23","slug":"ecvr-saas","status":"publish","type":"page","link":"https:\/\/raisis.eu\/de\/portfolio\/ecvr-saas\/","title":{"rendered":"eCVR SaaS"},"content":{"rendered":"","protected":false},"excerpt":{"rendered":"<p>SaaS-Anwendung f\u00fcr das Verfahren f\u00fcr geringf\u00fcgige Forderungen.<\/p>\n","protected":false},"author":1,"featured_media":1459,"parent":1759,"menu_order":0,"comment_status":"closed","ping_status":"closed","template":"","meta":{"_acf_changed":false,"footnotes":""},"project-category":[16],"class_list":["post-1777","page","type-page","status-publish","has-post-thumbnail","hentry","project-category-web-development"],"acf":[],"_links":{"self":[{"href":"https:\/\/raisis.eu\/de\/wp-json\/wp\/v2\/pages\/1777","targetHints":{"allow":["GET"]}}],"collection":[{"href":"https:\/\/raisis.eu\/de\/wp-json\/wp\/v2\/pages"}],"about":[{"href":"https:\/\/raisis.eu\/de\/wp-json\/wp\/v2\/types\/page"}],"author":[{"embeddable":true,"href":"https:\/\/raisis.eu\/de\/wp-json\/wp\/v2\/users\/1"}],"replies":[{"embeddable":true,"href":"https:\/\/raisis.eu\/de\/wp-json\/wp\/v2\/comments?post=1777"}],"version-history":[{"count":0,"href":"https:\/\/raisis.eu\/de\/wp-json\/wp\/v2\/pages\/1777\/revisions"}],"up":[{"embeddable":true,"href":"https:\/\/raisis.eu\/de\/wp-json\/wp\/v2\/pages\/1759"}],"wp:featuredmedia":[{"embeddable":true,"href":"https:\/\/raisis.eu\/de\/wp-json\/wp\/v2\/media\/1459"}],"wp:attachment":[{"href":"https:\/\/raisis.eu\/de\/wp-json\/wp\/v2\/media?parent=1777"}],"wp:term":[{"taxonomy":"project-category","embeddable":true,"href":"https:\/\/raisis.eu\/de\/wp-json\/wp\/v2\/project-category?post=1777"}],"curies":[{"name":"wp","href":"https:\/\/api.w.org\/{rel}","templated":true}]}}