{"id":1765,"date":"2025-05-20T07:44:58","date_gmt":"2025-05-20T07:44:58","guid":{"rendered":"https:\/\/raisis.eu\/datenschutzrichtlinie\/"},"modified":"2025-06-03T06:28:17","modified_gmt":"2025-06-03T06:28:17","slug":"datenschutzrichtlinie","status":"publish","type":"page","link":"https:\/\/raisis.eu\/de\/datenschutzrichtlinie\/","title":{"rendered":"Datenschutzrichtlinie"},"content":{"rendered":"\t\t<div data-elementor-type=\"wp-page\" data-elementor-id=\"1765\" class=\"elementor elementor-1765 elementor-48\" data-elementor-post-type=\"page\">\n\t\t\t\t<div class=\"elementor-element elementor-element-775147f e-con-full e-flex e-con e-parent\" data-id=\"775147f\" data-element_type=\"container\" data-e-type=\"container\" data-settings=\"{&quot;background_background&quot;:&quot;classic&quot;,&quot;shape_divider_bottom&quot;:&quot;tilt&quot;}\">\n\t\t\t\t<div class=\"elementor-shape elementor-shape-bottom\" aria-hidden=\"true\" data-negative=\"false\">\n\t\t\t<svg xmlns=\"http:\/\/www.w3.org\/2000\/svg\" viewBox=\"0 0 1000 100\" preserveAspectRatio=\"none\">\n\t<path class=\"elementor-shape-fill\" d=\"M0,6V0h1000v100L0,6z\"\/>\n<\/svg>\t\t<\/div>\n\t\t<div class=\"elementor-element elementor-element-7952106 e-con-full e-flex e-con e-child\" data-id=\"7952106\" data-element_type=\"container\" data-e-type=\"container\">\n\t\t\t\t<\/div>\n\t\t\t\t<\/div>\n\t\t<div class=\"elementor-element elementor-element-123e757 e-flex e-con-boxed e-con e-parent\" data-id=\"123e757\" data-element_type=\"container\" data-e-type=\"container\">\n\t\t\t\t\t<div class=\"e-con-inner\">\n\t\t\t\t<div class=\"elementor-element elementor-element-99a943a elementor-widget elementor-widget-text-editor\" data-id=\"99a943a\" data-element_type=\"widget\" data-e-type=\"widget\" data-widget_type=\"text-editor.default\">\n\t\t\t\t<div class=\"elementor-widget-container\">\n\t\t\t\t\t\t\t\t\t<div class=\"terms-and-conditions-component container\">\n<div class=\"terms-and-conditions-container\">\n<div class=\"terms-and-conditions-component container\">\n<p>Letzte Aktualisierung: 01.08.2020<\/p>\n<\/div>\n<p><\/p>\n<div class=\"terms-and-conditions-component container\">\n<p>Raisis Software (\u201eWir\u201c, \u201euns\u201c oder \u201eunser\u201c) betreibt die Website Raisis Software (\u201eDienst\u201c).<\/p>\n<p>Diese Seite informiert Sie \u00fcber unsere Richtlinien zur Erhebung, Verwendung und Weitergabe Ihrer personenbezogenen Daten bei der Nutzung unseres Dienstes.<\/p>\n<p>Wir verwenden oder geben Ihre Daten nicht an Dritte weiter, au\u00dfer an die in dieser Datenschutzrichtlinie beschriebenen.<\/p>\n<p>Wir nutzen Ihre Daten, um den Dienst bereitzustellen und zu verbessern. Durch die Nutzung des Dienstes stimmen Sie der Erhebung und Verwendung von Daten gem\u00e4\u00df dieser Richtlinie zu. Sofern in dieser Datenschutzrichtlinie nicht anders definiert, haben die in dieser Datenschutzrichtlinie verwendeten Begriffe die gleiche Bedeutung wie in unseren Allgemeinen Gesch\u00e4ftsbedingungen, die unter Raisis Software abrufbar sind.<\/p>\n<\/div>\n<p><\/p>\n<div class=\"terms-and-conditions-component container\">\n<h2>Erhebung und Verwendung von Informationen<\/h2>\n<p>Bei der Nutzung unseres Dienstes bitten wir Sie m\u00f6glicherweise um die Angabe bestimmter personenbezogener Daten, die zur Kontaktaufnahme oder Identifizierung verwendet werden k\u00f6nnen. Personenbezogene Daten (\u201epersonenbezogene Daten\u201c) k\u00f6nnen unter anderem Folgendes umfassen:<\/p>\n<ul>\n<li>Name<\/li>\n<li>E-Mail-Adresse<\/li>\n<li>Telefonnummer<\/li>\n<li>Protokolldaten<\/li>\n<li>Unternehmen<\/li>\n<\/ul>\n<p>Wir erfassen die Informationen, die Ihr Browser bei jedem Besuch unseres Dienstes sendet (\u201eProtokolldaten\u201c). Diese Protokolldaten k\u00f6nnen Informationen wie die IP-Adresse (Internet Protocol) Ihres Computers, Browsertyp, Browserversion, die von Ihnen besuchten Seiten unseres Dienstes, Uhrzeit und Datum Ihres Besuchs, die Verweildauer auf diesen Seiten und weitere Statistiken enthalten.<\/p>\n<\/div>\n<p><\/p>\n<div class=\"terms-and-conditions-component container\">\n<h2>Cookies<\/h2>\n<p>Cookies sind Dateien mit einer kleinen Datenmenge, die eine eindeutige anonyme Kennung enthalten k\u00f6nnen. Cookies werden von einer Website an Ihren Browser gesendet und auf der Festplatte Ihres Computers gespeichert.<\/p>\n<p>Wir verwenden \u201eCookies\u201c, um Informationen zu sammeln. Sie k\u00f6nnen Ihren Browser so einstellen, dass er alle Cookies ablehnt oder anzeigt, wann ein Cookie gesendet wird. Wenn Sie Cookies ablehnen, k\u00f6nnen Sie jedoch m\u00f6glicherweise einige Teile unseres Dienstes nicht nutzen.<\/p>\n<\/div>\n<p><\/p>\n<div class=\"terms-and-conditions-component container\">\n<h2>Dienstleister<\/h2>\n<p>Wir beauftragen gegebenenfalls Drittunternehmen und Einzelpersonen, um unseren Dienst zu erleichtern, ihn in unserem Namen bereitzustellen, Dienstleistungen im Zusammenhang mit dem Dienst zu erbringen oder uns bei der Analyse der Nutzung unseres Dienstes zu unterst\u00fctzen.<\/p>\n<p>Diese Dritten haben nur Zugriff auf Ihre Daten und sind nicht verpflichtet, diese f\u00fcr andere Zwecke offenzulegen oder zu verwenden.<\/p>\n<\/div>\n<p><\/p>\n<div class=\"terms-and-conditions-component container\">\n<h2>Sicherheit<\/h2>\n<p>Die Sicherheit Ihrer pers\u00f6nlichen Daten ist uns wichtig. Bedenken Sie jedoch, dass keine Methode der Internet\u00fcbertragung oder elektronischen Speicherung 100 % sicher ist. Obwohl wir uns bem\u00fchen, Ihre pers\u00f6nlichen Daten mit kommerziell akzeptablen Mitteln zu sch\u00fctzen, k\u00f6nnen wir deren absolute Sicherheit nicht garantieren.<\/p>\n<\/div>\n<p><\/p>\n<div class=\"terms-and-conditions-component container\">\n<h2>Links zu anderen Websites<\/h2>\n<p>Unser Service kann Links zu anderen Websites enthalten, die nicht von uns betrieben werden. Wenn Sie auf einen Link eines Drittanbieters klicken, werden Sie auf die entsprechende Website weitergeleitet. Wir empfehlen Ihnen dringend, die Datenschutzbestimmungen jeder von Ihnen besuchten Website zu lesen.<\/p>\n<p>Wir haben keinen Einfluss auf die Inhalte, Datenschutzrichtlinien oder Praktiken von Websites oder Diensten Dritter und \u00fcbernehmen daf\u00fcr keine Verantwortung.<\/p>\n<\/div>\n<p><\/p>\n<div class=\"terms-and-conditions-component container\">\n<h2>Datenschutz f\u00fcr Kinder<\/h2>\n<p>Unser Service richtet sich nicht an Personen unter 18 Jahren (\u201eKinder\u201c).<\/p>\n<p>Wir erheben wissentlich keine personenbezogenen Daten von Kindern unter 18 Jahren. Wenn Sie als Elternteil oder Erziehungsberechtigter wissen, dass Ihr Kind uns personenbezogene Daten \u00fcbermittelt, kontaktieren Sie uns bitte. Sollten wir feststellen, dass ein Kind unter 18 Jahren uns personenbezogene Daten \u00fcbermittelt hat, l\u00f6schen wir diese umgehend von unseren Servern.<\/p>\n<\/div>\n<p><\/p>\n<div class=\"terms-and-conditions-component container\">\n<h2>Einhaltung gesetzlicher Bestimmungen<\/h2>\n<p>Wir geben Ihre personenbezogenen Daten weiter, sofern dies gesetzlich oder durch eine Vorladung erforderlich ist.<\/p>\n<p>\u00c4nderungen dieser Datenschutzrichtlinie<\/p>\n<p>Wir aktualisieren unsere Datenschutzrichtlinie gegebenenfalls. Wir informieren Sie \u00fcber \u00c4nderungen, indem wir die neue Datenschutzrichtlinie auf dieser Seite ver\u00f6ffentlichen.<\/p>\n<p>Wir empfehlen Ihnen, diese Datenschutzrichtlinie regelm\u00e4\u00dfig auf \u00c4nderungen zu \u00fcberpr\u00fcfen. \u00c4nderungen dieser Datenschutzerkl\u00e4rung treten mit ihrer Ver\u00f6ffentlichung auf dieser Seite in Kraft.<\/p>\n<\/div>\n<p><\/p>\n<div class=\"terms-and-conditions-component container\">\n<h2>Kontakt<\/h2>\n<p>Bei Fragen zu dieser Datenschutzerkl\u00e4rung kontaktieren Sie uns bitte.<\/p>\n<\/div>\n<p><\/div>\n<p><\/div>\n\t\t\t\t\t\t\t\t<\/div>\n\t\t\t\t<\/div>\n\t\t\t\t\t<\/div>\n\t\t\t\t<\/div>\n\t\t\t\t<\/div>\n\t\t","protected":false},"excerpt":{"rendered":"<p>Letzte Aktualisierung: 01.08.2020 Raisis Software (\u201eWir\u201c, \u201euns\u201c oder \u201eunser\u201c) betreibt die Website Raisis Software (\u201eDienst\u201c). Diese Seite informiert Sie \u00fcber unsere Richtlinien zur Erhebung, Verwendung und Weitergabe Ihrer personenbezogenen Daten bei der Nutzung unseres Dienstes. Wir verwenden oder geben Ihre Daten nicht an Dritte weiter, au\u00dfer an die in dieser Datenschutzrichtlinie beschriebenen. Wir nutzen Ihre [&hellip;]<\/p>\n","protected":false},"author":1,"featured_media":0,"parent":0,"menu_order":0,"comment_status":"closed","ping_status":"closed","template":"","meta":{"_acf_changed":false,"footnotes":""},"project-category":[],"class_list":["post-1765","page","type-page","status-publish","hentry"],"acf":[],"_links":{"self":[{"href":"https:\/\/raisis.eu\/de\/wp-json\/wp\/v2\/pages\/1765","targetHints":{"allow":["GET"]}}],"collection":[{"href":"https:\/\/raisis.eu\/de\/wp-json\/wp\/v2\/pages"}],"about":[{"href":"https:\/\/raisis.eu\/de\/wp-json\/wp\/v2\/types\/page"}],"author":[{"embeddable":true,"href":"https:\/\/raisis.eu\/de\/wp-json\/wp\/v2\/users\/1"}],"replies":[{"embeddable":true,"href":"https:\/\/raisis.eu\/de\/wp-json\/wp\/v2\/comments?post=1765"}],"version-history":[{"count":1,"href":"https:\/\/raisis.eu\/de\/wp-json\/wp\/v2\/pages\/1765\/revisions"}],"predecessor-version":[{"id":1766,"href":"https:\/\/raisis.eu\/de\/wp-json\/wp\/v2\/pages\/1765\/revisions\/1766"}],"wp:attachment":[{"href":"https:\/\/raisis.eu\/de\/wp-json\/wp\/v2\/media?parent=1765"}],"wp:term":[{"taxonomy":"project-category","embeddable":true,"href":"https:\/\/raisis.eu\/de\/wp-json\/wp\/v2\/project-category?post=1765"}],"curies":[{"name":"wp","href":"https:\/\/api.w.org\/{rel}","templated":true}]}}