{"id":1763,"date":"2025-05-20T07:44:52","date_gmt":"2025-05-20T07:44:52","guid":{"rendered":"https:\/\/raisis.eu\/geschaeftsbedingungen\/"},"modified":"2025-06-03T06:28:03","modified_gmt":"2025-06-03T06:28:03","slug":"geschaeftsbedingungen","status":"publish","type":"page","link":"https:\/\/raisis.eu\/de\/geschaeftsbedingungen\/","title":{"rendered":"Gesch\u00e4ftsbedingungen"},"content":{"rendered":"\t\t<div data-elementor-type=\"wp-page\" data-elementor-id=\"1763\" class=\"elementor elementor-1763 elementor-47\" data-elementor-post-type=\"page\">\n\t\t\t\t<div class=\"elementor-element elementor-element-f5ac02b e-con-full e-flex e-con e-parent\" data-id=\"f5ac02b\" data-element_type=\"container\" data-e-type=\"container\" data-settings=\"{&quot;background_background&quot;:&quot;classic&quot;,&quot;shape_divider_bottom&quot;:&quot;tilt&quot;}\">\n\t\t\t\t<div class=\"elementor-shape elementor-shape-bottom\" aria-hidden=\"true\" data-negative=\"false\">\n\t\t\t<svg xmlns=\"http:\/\/www.w3.org\/2000\/svg\" viewBox=\"0 0 1000 100\" preserveAspectRatio=\"none\">\n\t<path class=\"elementor-shape-fill\" d=\"M0,6V0h1000v100L0,6z\"\/>\n<\/svg>\t\t<\/div>\n\t\t<div class=\"elementor-element elementor-element-5e67138 e-con-full e-flex e-con e-child\" data-id=\"5e67138\" data-element_type=\"container\" data-e-type=\"container\">\n\t\t\t\t<\/div>\n\t\t\t\t<\/div>\n\t\t<div class=\"elementor-element elementor-element-588ee75 e-flex e-con-boxed e-con e-parent\" data-id=\"588ee75\" data-element_type=\"container\" data-e-type=\"container\">\n\t\t\t\t\t<div class=\"e-con-inner\">\n\t\t\t\t<div class=\"elementor-element elementor-element-9dc8257 elementor-widget elementor-widget-text-editor\" data-id=\"9dc8257\" data-element_type=\"widget\" data-e-type=\"widget\" data-widget_type=\"text-editor.default\">\n\t\t\t\t<div class=\"elementor-widget-container\">\n\t\t\t\t\t\t\t\t\t<div class=\"terms-and-conditions-component container\">\n<div class=\"terms-and-conditions-component container\">\n<p>Letzte Aktualisierung: 01.08.2020<\/p>\n<\/div>\n<p><\/p>\n<div class=\"terms-and-conditions-component container\">\n<p>Bitte lesen Sie diese Nutzungsbedingungen (\u201eBedingungen\u201c, \u201eNutzungsbedingungen\u201c) sorgf\u00e4ltig durch, bevor Sie die von Raisis Software (\u201ewir\u201c, \u201ewir\u201c oder \u201eunser\u201c) betriebene Website https:\/\/raisissoftware.com (\u201eder Dienst\u201c) nutzen.<\/p>\n<p>Ihr Zugriff und die Nutzung Ihres Dienstes setzen die Annahme und Einhaltung dieser Bedingungen voraus. Diese Bedingungen gelten f\u00fcr alle Besucher, Nutzer und andere Personen, die auf den Dienst zugreifen oder ihn nutzen.<\/p>\n<p>Durch den Zugriff auf den Dienst oder dessen Nutzung erkl\u00e4ren Sie sich mit diesen Bedingungen einverstanden. Wenn Sie mit einer der Bedingungen nicht einverstanden sind, d\u00fcrfen Sie nicht auf den Dienst zugreifen.<\/p>\n<\/div>\n<p><\/p>\n<div class=\"terms-and-conditions-component container\">\n<h2>Geistiges Eigentum Eigentum<\/h2>\n<p>Der urspr\u00fcngliche Dienst, die Inhalte, Features und Funktionen sind und bleiben ausschlie\u00dfliches Eigentum von Raisis Software und seinen Lizenzgebern.<\/p>\n<p>Links zu anderen Websites<\/p>\n<p>Unser Dienst kann Links zu Websites oder Webdiensten Dritter enthalten, die nicht Eigentum von Raisis Software sind oder von Raisis Software kontrolliert werden.<\/p>\n<p>Raisis Software hat keine Kontrolle \u00fcber die Inhalte, Datenschutzrichtlinien oder Praktiken von Websites oder Diensten Dritter und \u00fcbernimmt daf\u00fcr keine Verantwortung. Dar\u00fcber hinaus erkennen Sie an und stimmen zu, dass Raisis Software weder direkt noch indirekt f\u00fcr Sch\u00e4den oder Verluste haftet, die durch oder im Zusammenhang mit der Nutzung oder Abh\u00e4ngigkeit von solchen Inhalten, Waren oder Dienstleistungen entstehen oder vermutlich entstehen.<\/p>\n<p>Wir empfehlen Ihnen, die Allgemeinen Gesch\u00e4ftsbedingungen und Datenschutzrichtlinien aller von Ihnen besuchten Websites oder Dienste Dritter zu lesen.<\/p>\n<\/div>\n<p><\/p>\n<div class=\"terms-and-conditions-component container\">\n<h2>K\u00fcndigung<\/h2>\n<p>Wir k\u00f6nnen den Zugriff auf unseren Dienst jederzeit und ohne vorherige Ank\u00fcndigung oder Haftung aus beliebigem Grund beenden oder sperren, insbesondere wenn Sie versto\u00dfen gegen die Bedingungen.<\/p>\n<p>Alle Bestimmungen der Bedingungen, die ihrer Natur nach auch nach der K\u00fcndigung Bestand haben sollten, bleiben auch nach der K\u00fcndigung bestehen, einschlie\u00dflich, aber nicht beschr\u00e4nkt auf Eigentumsbestimmungen, Gew\u00e4hrleistungsausschl\u00fcsse, Freistellungen und Haftungsbeschr\u00e4nkungen.<\/p>\n<p>terms-conditions:c-three-4<\/p>\n<\/div>\n<p><\/p>\n<div class=\"terms-and-conditions-component container\">\n<h2>R\u00fccktrittserkl\u00e4rung<\/h2>\n<p>Die Nutzung des Dienstes erfolgt ausschlie\u00dflich auf Ihr eigenes Risiko. Der Dienst wird \u201eWIE VERF\u00dcGBAR\u201c bereitgestellt. Der Dienst wird ohne jegliche ausdr\u00fcckliche oder stillschweigende Gew\u00e4hrleistung bereitgestellt, einschlie\u00dflich, aber nicht beschr\u00e4nkt auf stillschweigende Gew\u00e4hrleistungen der Marktg\u00e4ngigkeit, Eignung f\u00fcr einen bestimmten Zweck, Nichterf\u00fcllung oder Nichterf\u00fcllung.<\/p>\n<\/div>\n<p><\/p>\n<div class=\"terms-and-conditions-component container\">\n<h2>Geltendes Recht<\/h2>\n<p>Diese Bedingungen unterliegen dem rum\u00e4nischen Recht und werden gem\u00e4\u00df diesem ausgelegt, ungeachtet der Kollisionsnormen.<\/p>\n<p>Die Nichteinhaltung von Rechte oder Bestimmungen dieser Bedingungen gelten als Verzicht auf diese Rechte. Sollte eine Bestimmung dieser Bedingungen von einem Gericht f\u00fcr ung\u00fcltig oder nicht durchsetzbar befunden werden, bleiben die \u00fcbrigen Bestimmungen dieser Bedingungen davon unber\u00fchrt. Diese Bedingungen stellen die gesamte Vereinbarung zwischen uns bez\u00fcglich unseres Dienstes dar und ersetzen alle vorherigen Vereinbarungen, die zwischen uns bez\u00fcglich des Dienstes bestehen.<\/p>\n<\/div>\n<p><\/p>\n<div class=\"terms-and-conditions-component container\">\n<h2>\u00c4nderung<\/h2>\n<p>Wir behalten uns das Recht vor, diese Bedingungen jederzeit nach eigenem Ermessen zu \u00e4ndern oder zu ersetzen. Bei wesentlichen \u00c4nderungen bem\u00fchen wir uns, Sie mindestens 30 Tage vor Inkrafttreten der neuen Bedingungen zu benachrichtigen. Was eine wesentliche \u00c4nderung darstellt, wird nach unserem Ermessen bestimmt.<\/p>\n<p>Wenn Sie nach Inkrafttreten dieser \u00c4nderungen weiterhin auf unseren Dienst zugreifen oder ihn nutzen, erkl\u00e4ren Sie sich mit den ge\u00e4nderten Bedingungen einverstanden. Sollten Sie mit den neuen Bedingungen nicht einverstanden sein, beenden Sie bitte die Nutzung des Dienstes.<\/p>\n<\/div>\n<p><\/p>\n<div class=\"terms-and-conditions-component container\">\n<h2>Kontakt uns<\/h2>\n<p>Bei Fragen zu diesen Bedingungen kontaktieren Sie uns bitte.<\/p>\n<\/div>\n<p><\/div>\n\t\t\t\t\t\t\t\t<\/div>\n\t\t\t\t<\/div>\n\t\t\t\t\t<\/div>\n\t\t\t\t<\/div>\n\t\t\t\t<\/div>\n\t\t","protected":false},"excerpt":{"rendered":"<p>Letzte Aktualisierung: 01.08.2020 Bitte lesen Sie diese Nutzungsbedingungen (\u201eBedingungen\u201c, \u201eNutzungsbedingungen\u201c) sorgf\u00e4ltig durch, bevor Sie die von Raisis Software (\u201ewir\u201c, \u201ewir\u201c oder \u201eunser\u201c) betriebene Website https:\/\/raisissoftware.com (\u201eder Dienst\u201c) nutzen. Ihr Zugriff und die Nutzung Ihres Dienstes setzen die Annahme und Einhaltung dieser Bedingungen voraus. Diese Bedingungen gelten f\u00fcr alle Besucher, Nutzer und andere Personen, die auf [&hellip;]<\/p>\n","protected":false},"author":1,"featured_media":0,"parent":0,"menu_order":0,"comment_status":"closed","ping_status":"closed","template":"","meta":{"_acf_changed":false,"footnotes":""},"project-category":[],"class_list":["post-1763","page","type-page","status-publish","hentry"],"acf":[],"_links":{"self":[{"href":"https:\/\/raisis.eu\/de\/wp-json\/wp\/v2\/pages\/1763","targetHints":{"allow":["GET"]}}],"collection":[{"href":"https:\/\/raisis.eu\/de\/wp-json\/wp\/v2\/pages"}],"about":[{"href":"https:\/\/raisis.eu\/de\/wp-json\/wp\/v2\/types\/page"}],"author":[{"embeddable":true,"href":"https:\/\/raisis.eu\/de\/wp-json\/wp\/v2\/users\/1"}],"replies":[{"embeddable":true,"href":"https:\/\/raisis.eu\/de\/wp-json\/wp\/v2\/comments?post=1763"}],"version-history":[{"count":1,"href":"https:\/\/raisis.eu\/de\/wp-json\/wp\/v2\/pages\/1763\/revisions"}],"predecessor-version":[{"id":1764,"href":"https:\/\/raisis.eu\/de\/wp-json\/wp\/v2\/pages\/1763\/revisions\/1764"}],"wp:attachment":[{"href":"https:\/\/raisis.eu\/de\/wp-json\/wp\/v2\/media?parent=1763"}],"wp:term":[{"taxonomy":"project-category","embeddable":true,"href":"https:\/\/raisis.eu\/de\/wp-json\/wp\/v2\/project-category?post=1763"}],"curies":[{"name":"wp","href":"https:\/\/api.w.org\/{rel}","templated":true}]}}