{"id":1761,"date":"2025-05-20T07:45:09","date_gmt":"2025-05-20T07:45:09","guid":{"rendered":"https:\/\/raisis.eu\/cookie-richtlinie\/"},"modified":"2025-06-03T06:27:43","modified_gmt":"2025-06-03T06:27:43","slug":"cookie-richtlinie","status":"publish","type":"page","link":"https:\/\/raisis.eu\/de\/cookie-richtlinie\/","title":{"rendered":"Cookie-Richtlinie"},"content":{"rendered":"\t\t<div data-elementor-type=\"wp-page\" data-elementor-id=\"1761\" class=\"elementor elementor-1761 elementor-49\" data-elementor-post-type=\"page\">\n\t\t\t\t<div class=\"elementor-element elementor-element-7d780de e-con-full e-flex e-con e-parent\" data-id=\"7d780de\" data-element_type=\"container\" data-e-type=\"container\" data-settings=\"{&quot;background_background&quot;:&quot;classic&quot;,&quot;shape_divider_bottom&quot;:&quot;tilt&quot;}\">\n\t\t\t\t<div class=\"elementor-shape elementor-shape-bottom\" aria-hidden=\"true\" data-negative=\"false\">\n\t\t\t<svg xmlns=\"http:\/\/www.w3.org\/2000\/svg\" viewBox=\"0 0 1000 100\" preserveAspectRatio=\"none\">\n\t<path class=\"elementor-shape-fill\" d=\"M0,6V0h1000v100L0,6z\"\/>\n<\/svg>\t\t<\/div>\n\t\t<div class=\"elementor-element elementor-element-db3ca81 e-con-full e-flex e-con e-child\" data-id=\"db3ca81\" data-element_type=\"container\" data-e-type=\"container\">\n\t\t\t\t<\/div>\n\t\t\t\t<\/div>\n\t\t<div class=\"elementor-element elementor-element-c5bb304 e-flex e-con-boxed e-con e-parent\" data-id=\"c5bb304\" data-element_type=\"container\" data-e-type=\"container\">\n\t\t\t\t\t<div class=\"e-con-inner\">\n\t\t\t\t<div class=\"elementor-element elementor-element-f6b457d elementor-widget elementor-widget-text-editor\" data-id=\"f6b457d\" data-element_type=\"widget\" data-e-type=\"widget\" data-widget_type=\"text-editor.default\">\n\t\t\t\t<div class=\"elementor-widget-container\">\n\t\t\t\t\t\t\t\t\t<div class=\"terms-and-conditions-component container\">\n<p>Letzte Aktualisierung: 01.08.2020<\/p>\n<\/div>\n<p><\/p>\n<div class=\"terms-and-conditions-component container\">\n<h2>WAS SIND COOKIES? WAS IST EIN COOKIE?<\/h2>\n<p>Cookies sind kleine Dateien, die auf dem Computer eines Nutzers gespeichert werden. Sie dienen dazu, eine kleine Menge kundenspezifischer Daten und der Website zu speichern und k\u00f6nnen entweder vom Webserver oder vom Client-Computer abgerufen werden. Dadurch kann der Server eine auf einen bestimmten Nutzer zugeschnittene Seite bereitstellen. Alternativ kann die Seite selbst ein Skript enthalten, das die Cookie-Daten erkennt und so Informationen von einem Besuch auf die n\u00e4chste Website (oder Website) \u00fcbertragen kann.<\/p>\n<\/div>\n<p><\/p>\n<div class=\"terms-and-conditions-component container\">\n<h2>SIND COOKIES IN MEINEM BROWSER AKTIVIERT?<\/h2>\n<p>Um zu \u00fcberpr\u00fcfen, ob Ihr Browser Cookies zul\u00e4sst, besuchen Sie den Cookie-Checker. Diese Seite versucht, ein Cookie zu erstellen und meldet, ob dies erfolgreich war.<\/p>\n<p>Informationen zum Aktivieren und Deaktivieren von Cookies finden Sie unter \u201eCookies aktivieren\u201c.<\/p>\n<p>Informationen zum L\u00f6schen von Cookies finden Sie unter \u201eCookies l\u00f6schen\u201c.<\/p>\n<p>Kann ich die auf meinem Computer gespeicherten Cookies einsehen?<\/p>\n<p>Die meisten Browser verf\u00fcgen \u00fcber eine Konfigurationsseite, \u00fcber die der Benutzer sehen kann, welche Cookies auf seinem Computer gespeichert sind, und diese optional l\u00f6schen kann. Weitere Informationen finden Sie in der Cookie-Vorschau.<\/p>\n<p>Bitte beachten Sie, dass eine Webseite keine von anderen Websites gesetzten Cookies einsehen kann, da dies ein Datenschutz- und Sicherheitsrisiko darstellen w\u00fcrde.<\/p>\n<\/div>\n<p><\/p>\n<div class=\"terms-and-conditions-component container\">\n<h2>WAS IST IN EINEM COOKIE?<\/h2>\n<p>Jedes Cookie ist im Grunde eine kleine Suchtabelle mit Wertepaaren (Schl\u00fcssel, Daten) \u2013 zum Beispiel (Vorname, John) (Vorname, Smith). Nachdem das Cookie vom Code auf dem Server oder Client-Computer gelesen wurde, k\u00f6nnen die Daten abgerufen und zur Anpassung der Webseite verwendet werden.<\/p>\n<p>Wann werden Cookies erstellt?<\/p>\n<p>Das Schreiben von Daten in ein Cookie erfolgt \u00fcblicherweise beim Laden einer neuen Webseite \u2013 beispielsweise nach dem Klicken auf die Schaltfl\u00e4che \u201eSenden\u201c. Die Datenverwaltungsseite speichert die Werte im Cookie. Wenn der Nutzer Cookies deaktiviert hat, schl\u00e4gt der Schreibvorgang fehl. Nachfolgende Websites, die auf das Cookie angewiesen sind, m\u00fcssen eine Standardaktion ausf\u00fchren oder den Nutzer auffordern, die im Cookie gespeicherten Informationen erneut einzugeben.<\/p>\n<\/div>\n<p><\/p>\n<div class=\"terms-and-conditions-component container\">\n<h2>WARUM WERDEN COOKIES VERWENDET?<\/h2>\n<p>Cookies sind eine praktische M\u00f6glichkeit, Informationen von einer Sitzung einer Website zu einer anderen oder zwischen Sitzungen verwandter Websites zu \u00fcbertragen, ohne einen Server mit riesigen Datenmengen zu belasten. Die Speicherung von Daten auf dem Server ohne Cookies w\u00e4re ebenfalls problematisch, da es schwierig w\u00e4re, die Informationen eines bestimmten Nutzers abzurufen, ohne dass bei jedem Website-Besuch eine Authentifizierung erforderlich w\u00e4re.<\/p>\n<p>Wenn gro\u00dfe Datenmengen gespeichert werden m\u00fcssen, kann ein Cookie einfach zur Identifizierung eines bestimmten Nutzers verwendet werden, sodass weitere zugeh\u00f6rige Informationen in einer serverseitigen Datenbank gesucht werden k\u00f6nnen. Beispielsweise kann ein Nutzer beim ersten Besuch einer Website einen im Cookie gespeicherten Benutzernamen w\u00e4hlen und anschlie\u00dfend Daten wie Passwort, Name, Adresse, bevorzugte Schriftgr\u00f6\u00dfe, Seitenlayout usw. eingeben. Diese Informationen werden alle in der Datenbank gespeichert, wobei der Benutzername als Schl\u00fcssel dient. Beim sp\u00e4teren Besuch der Website liest der Server das Cookie, um den Benutzernamen zu ermitteln, und ruft anschlie\u00dfend alle Nutzerinformationen aus der Datenbank ab, ohne diese erneut eingeben zu m\u00fcssen.<\/p>\n<\/div>\n<p><\/p>\n<div class=\"terms-and-conditions-component container\">\n<h2>WIE LANGE DAUERT EIN COOKIE?<\/h2>\n<p>Die Ablaufzeit eines Cookies kann bei der Erstellung festgelegt werden. Standardm\u00e4\u00dfig wird das Cookie beim Schlie\u00dfen des aktuellen Browserfensters gel\u00f6scht. Danach kann jedoch eine beliebige Zeitspanne bestehen bleiben.<\/p>\n<\/div>\n<p><\/p>\n<div class=\"terms-and-conditions-component container\">\n<h2>WER KANN AUF COOKIES ZUGREIFEN?<\/h2>\n<p>Beim Erstellen eines Cookies kann dessen Sichtbarkeit durch die Festlegung der \u201eRoot-Domain\u201c gesteuert werden. Das Cookie ist dann f\u00fcr alle URLs dieser Root-Domain zug\u00e4nglich. Beispielsweise k\u00f6nnte die Root-Domain auf \u201ewhatarecookies.com\u201c gesetzt werden, wodurch das Cookie f\u00fcr die Websites \u201ewww.whatarecookies.com\u201c, \u201exyz.whatarecookies.com\u201c oder \u201ewhatarecookies.com\u201c verf\u00fcgbar w\u00e4re. Dies erm\u00f6glicht die Kommunikation verwandter Seiten. Die Root-Domain kann nicht auf Domains h\u00f6herer Ebene wie \u201e.com\u201c oder \u201e.co.uk\u201c gesetzt werden, da dies einen breiten Zugriff auf das Cookie erm\u00f6glichen w\u00fcrde.<\/p>\n<p>Standardm\u00e4\u00dfig sind Cookies f\u00fcr alle Pfade in ihrer Dom\u00e4ne sichtbar, zum Zeitpunkt der Erstellung k\u00f6nnen sie jedoch auf einen bestimmten Unterpfad beschr\u00e4nkt sein \u2013 beispielsweise \u201ewww.whatarecookies.com\/images\u201c.<\/p>\n<\/div>\n<p><\/p>\n<div class=\"terms-and-conditions-component container\">\n<h2>WIE SICHER SIND COOKIES?<\/h2>\n<p>Es gibt viele Bedenken hinsichtlich Datenschutz und Sicherheit im Internet. Cookies stellen an sich keine Bedrohung f\u00fcr die Privatsph\u00e4re dar, da sie nur Informationen speichern, die der Nutzer freiwillig bereitgestellt hat oder die bereits auf dem Webserver vorhanden sind. Diese Informationen k\u00f6nnen zwar bestimmten Websites Dritter zug\u00e4nglich gemacht werden, sind aber nicht schlimmer als die Speicherung in einer zentralen Datenbank. Wenn Sie bef\u00fcrchten, dass die von Ihnen an einen Webserver \u00fcbermittelten Informationen nicht vertraulich behandelt werden, sollten Sie sich fragen, ob Sie diese Informationen tats\u00e4chlich bereitstellen m\u00fcssen.<\/p>\n<\/div>\n<p><\/p>\n<div class=\"terms-and-conditions-component container\">\n<h2>WAS SIND TRACKING-COOKIES?<\/h2>\n<p>Einige kommerzielle Websites enthalten eingebettete Werbematerialien von Drittanbieter-Websites. Diese Anzeigen k\u00f6nnen ein Cookie f\u00fcr diese Drittanbieter-Website speichern, das Informationen enth\u00e4lt, die ihnen von der Website bereitgestellt werden \u2013 beispielsweise den Namen der Website, bestimmte angesehene Produkte, besuchte Seiten usw. Besucht der Nutzer anschlie\u00dfend eine andere Website mit einer \u00e4hnlichen eingebetteten Anzeige derselben Drittanbieter-Website, kann der Werbetreibende das Cookie auslesen und daraus Informationen zum Browserverlauf des Nutzers gewinnen. Dadurch k\u00f6nnen Publisher zielgerichtete Anzeigen schalten, die auf die Interessen des Nutzers zugeschnitten sind und somit theoretisch eine h\u00f6here Wahrscheinlichkeit haben, f\u00fcr den Nutzer relevant zu sein. Viele Nutzer empfinden solche \u201eTracking-Cookies\u201c jedoch als Eingriff in die Privatsph\u00e4re, da sie es Werbetreibenden erm\u00f6glichen, ohne deren Zustimmung oder Wissen Nutzerprofile zu erstellen.<\/p>\n<\/div>\n\t\t\t\t\t\t\t\t<\/div>\n\t\t\t\t<\/div>\n\t\t\t\t\t<\/div>\n\t\t\t\t<\/div>\n\t\t\t\t<\/div>\n\t\t","protected":false},"excerpt":{"rendered":"<p>Letzte Aktualisierung: 01.08.2020 WAS SIND COOKIES? WAS IST EIN COOKIE? Cookies sind kleine Dateien, die auf dem Computer eines Nutzers gespeichert werden. Sie dienen dazu, eine kleine Menge kundenspezifischer Daten und der Website zu speichern und k\u00f6nnen entweder vom Webserver oder vom Client-Computer abgerufen werden. Dadurch kann der Server eine auf einen bestimmten Nutzer zugeschnittene [&hellip;]<\/p>\n","protected":false},"author":1,"featured_media":0,"parent":0,"menu_order":0,"comment_status":"closed","ping_status":"closed","template":"","meta":{"_acf_changed":false,"footnotes":""},"project-category":[],"class_list":["post-1761","page","type-page","status-publish","hentry"],"acf":[],"_links":{"self":[{"href":"https:\/\/raisis.eu\/de\/wp-json\/wp\/v2\/pages\/1761","targetHints":{"allow":["GET"]}}],"collection":[{"href":"https:\/\/raisis.eu\/de\/wp-json\/wp\/v2\/pages"}],"about":[{"href":"https:\/\/raisis.eu\/de\/wp-json\/wp\/v2\/types\/page"}],"author":[{"embeddable":true,"href":"https:\/\/raisis.eu\/de\/wp-json\/wp\/v2\/users\/1"}],"replies":[{"embeddable":true,"href":"https:\/\/raisis.eu\/de\/wp-json\/wp\/v2\/comments?post=1761"}],"version-history":[{"count":1,"href":"https:\/\/raisis.eu\/de\/wp-json\/wp\/v2\/pages\/1761\/revisions"}],"predecessor-version":[{"id":1762,"href":"https:\/\/raisis.eu\/de\/wp-json\/wp\/v2\/pages\/1761\/revisions\/1762"}],"wp:attachment":[{"href":"https:\/\/raisis.eu\/de\/wp-json\/wp\/v2\/media?parent=1761"}],"wp:term":[{"taxonomy":"project-category","embeddable":true,"href":"https:\/\/raisis.eu\/de\/wp-json\/wp\/v2\/project-category?post=1761"}],"curies":[{"name":"wp","href":"https:\/\/api.w.org\/{rel}","templated":true}]}}